{"id":12598,"date":"2022-10-17T11:53:43","date_gmt":"2022-10-17T09:53:43","guid":{"rendered":"https:\/\/relead.tn\/?page_id=12598"},"modified":"2026-01-12T19:27:51","modified_gmt":"2026-01-12T18:27:51","slug":"contact","status":"publish","type":"page","link":"https:\/\/relead.tn\/en\/contact\/","title":{"rendered":"Contact"},"content":{"rendered":"<div data-elementor-type=\"wp-page\" data-elementor-id=\"12598\" class=\"elementor elementor-12598\">\n\t\t\t\t\t\t<section class=\"elementor-section elementor-top-section elementor-element elementor-element-bf6c7b4 elementor-section-boxed elementor-section-height-default elementor-section-height-default\" data-id=\"bf6c7b4\" data-element_type=\"section\">\n\t\t\t\t\t\t<div class=\"elementor-container elementor-column-gap-default\">\n\t\t\t\t\t<div class=\"elementor-column elementor-col-100 elementor-top-column elementor-element elementor-element-ecb97cd\" data-id=\"ecb97cd\" data-element_type=\"column\">\n\t\t\t<div class=\"elementor-widget-wrap elementor-element-populated\">\n\t\t\t\t\t\t<div class=\"elementor-element elementor-element-adf7d52 elementor-widget elementor-widget-spacer\" data-id=\"adf7d52\" data-element_type=\"widget\" data-widget_type=\"spacer.default\">\n\t\t\t\t<div class=\"elementor-widget-container\">\n\t\t\t\t\t\t\t<div class=\"elementor-spacer\">\n\t\t\t<div class=\"elementor-spacer-inner\"><\/div>\n\t\t<\/div>\n\t\t\t\t\t\t<\/div>\n\t\t\t\t<\/div>\n\t\t\t\t<section class=\"elementor-section elementor-inner-section elementor-element elementor-element-c5df10d elementor-section-boxed elementor-section-height-default elementor-section-height-default\" data-id=\"c5df10d\" data-element_type=\"section\">\n\t\t\t\t\t\t<div class=\"elementor-container elementor-column-gap-default\">\n\t\t\t\t\t<div class=\"elementor-column elementor-col-50 elementor-inner-column elementor-element elementor-element-028f21d\" data-id=\"028f21d\" data-element_type=\"column\">\n\t\t\t<div class=\"elementor-widget-wrap elementor-element-populated\">\n\t\t\t\t\t\t<div class=\"elementor-element elementor-element-8f108e6 elementor-widget elementor-widget-heading\" data-id=\"8f108e6\" data-element_type=\"widget\" data-widget_type=\"heading.default\">\n\t\t\t\t<div class=\"elementor-widget-container\">\n\t\t\t\t\t<h1 class=\"elementor-heading-title elementor-size-default\">Contact<\/h1>\t\t\t\t<\/div>\n\t\t\t\t<\/div>\n\t\t\t\t<div class=\"elementor-element elementor-element-cec1c6c elementor-widget elementor-widget-heading\" data-id=\"cec1c6c\" data-element_type=\"widget\" data-widget_type=\"heading.default\">\n\t\t\t\t<div class=\"elementor-widget-container\">\n\t\t\t\t\t<h2 class=\"elementor-heading-title elementor-size-default\">Rejoignez-nous :<\/h2>\t\t\t\t<\/div>\n\t\t\t\t<\/div>\n\t\t\t\t<div class=\"elementor-element elementor-element-a200824 elementor-widget elementor-widget-gt3-core-custommeta\" data-id=\"a200824\" data-element_type=\"widget\" data-widget_type=\"gt3-core-custommeta.default\">\n\t\t\t\t<div class=\"elementor-widget-container\">\n\t\t\t\t\t<div class=\"gt3_meta_values_wrapper vertical align_left\"><div class=\"gt3_meta_values_item elementor-repeater-item-04db689\"><span class=\"gt3_meta_label_title\">Phone:<\/span><div class=\"gt3_meta_value type_custom\"><a href=\"tel:+216 51 534 536\">+216 51 534 536<\/a><\/br>\n<a href=\"tel:+216 51 536 919\">+216 51 536 919<\/a>\n\n\n<\/div><\/div><div class=\"gt3_meta_values_item elementor-repeater-item-210ff16\"><span class=\"gt3_meta_label_title\">E-mail:<\/span><div class=\"gt3_meta_value type_custom\"><a href=\"mailto:contact@relead.tn\">contact@relead.tn<\/a><br>\n<a href=\"mailto:commercial@relead.tn\">commercial@relead.tn <\/a><br>\n<\/div><\/div><div class=\"gt3_meta_values_item elementor-repeater-item-30f9222\"><span class=\"gt3_meta_label_title\">Address:<\/span><div class=\"gt3_meta_value type_custom\">Bloc A, Premier \u00e9tage, R\u00e9sidence Omar, Tunis 1073.<\/br>\n\n<\/div><\/div><\/div>\t\t\t\t<\/div>\n\t\t\t\t<\/div>\n\t\t\t\t<div class=\"elementor-element elementor-element-e9d96b1 e-grid-align-left elementor-shape-rounded elementor-grid-0 elementor-widget elementor-widget-social-icons\" data-id=\"e9d96b1\" data-element_type=\"widget\" data-widget_type=\"social-icons.default\">\n\t\t\t\t<div class=\"elementor-widget-container\">\n\t\t\t\t\t\t\t<div class=\"elementor-social-icons-wrapper elementor-grid\" role=\"list\">\n\t\t\t\t\t\t\t<span class=\"elementor-grid-item\" role=\"listitem\">\n\t\t\t\t\t<a class=\"elementor-icon elementor-social-icon elementor-social-icon-facebook elementor-repeater-item-4d22e37\" href=\"https:\/\/www.facebook.com\/Relead.ads\" target=\"_blank\">\n\t\t\t\t\t\t<span class=\"elementor-screen-only\">Facebook<\/span>\n\t\t\t\t\t\t<i aria-hidden=\"true\" class=\"fab fa-facebook\"><\/i>\t\t\t\t\t<\/a>\n\t\t\t\t<\/span>\n\t\t\t\t\t\t\t<span class=\"elementor-grid-item\" role=\"listitem\">\n\t\t\t\t\t<a class=\"elementor-icon elementor-social-icon elementor-social-icon-linkedin elementor-repeater-item-85ca28d\" href=\"https:\/\/www.linkedin.com\/company\/relead-ads\/\" target=\"_blank\">\n\t\t\t\t\t\t<span class=\"elementor-screen-only\">Linkedin<\/span>\n\t\t\t\t\t\t<i aria-hidden=\"true\" class=\"fab fa-linkedin\"><\/i>\t\t\t\t\t<\/a>\n\t\t\t\t<\/span>\n\t\t\t\t\t\t\t<span class=\"elementor-grid-item\" role=\"listitem\">\n\t\t\t\t\t<a class=\"elementor-icon elementor-social-icon elementor-social-icon-instagram elementor-repeater-item-97fd378\" href=\"https:\/\/www.instagram.com\/relead.ads\/?hl=fr\" target=\"_blank\">\n\t\t\t\t\t\t<span class=\"elementor-screen-only\">Instagram<\/span>\n\t\t\t\t\t\t<i aria-hidden=\"true\" class=\"fab fa-instagram\"><\/i>\t\t\t\t\t<\/a>\n\t\t\t\t<\/span>\n\t\t\t\t\t<\/div>\n\t\t\t\t\t\t<\/div>\n\t\t\t\t<\/div>\n\t\t\t\t\t<\/div>\n\t\t<\/div>\n\t\t\t\t<div class=\"elementor-column elementor-col-50 elementor-inner-column elementor-element elementor-element-4a9fbad\" data-id=\"4a9fbad\" data-element_type=\"column\">\n\t\t\t<div class=\"elementor-widget-wrap elementor-element-populated\">\n\t\t\t\t\t\t<div class=\"elementor-element elementor-element-bcd1025 elementor-widget elementor-widget-heading\" data-id=\"bcd1025\" data-element_type=\"widget\" data-widget_type=\"heading.default\">\n\t\t\t\t<div class=\"elementor-widget-container\">\n\t\t\t\t\t<h2 class=\"elementor-heading-title elementor-size-default\">Send us a message<\/h2>\t\t\t\t<\/div>\n\t\t\t\t<\/div>\n\t\t\t\t<div class=\"elementor-element elementor-element-8ead6ab elementor-widget elementor-widget-text-editor\" data-id=\"8ead6ab\" data-element_type=\"widget\" data-widget_type=\"text-editor.default\">\n\t\t\t\t<div class=\"elementor-widget-container\">\n\t\t\t\t\t\t\t\t\t<p>Write us something.<\/p>\t\t\t\t\t\t\t\t<\/div>\n\t\t\t\t<\/div>\n\t\t\t\t<div class=\"elementor-element elementor-element-573e28f elementor-widget elementor-widget-html\" data-id=\"573e28f\" data-element_type=\"widget\" data-widget_type=\"html.default\">\n\t\t\t\t<div class=\"elementor-widget-container\">\n\t\t\t\t\t\n<div class=\"wpcf7 no-js\" id=\"wpcf7-f1881-o1\" lang=\"en-US\" dir=\"ltr\" data-wpcf7-id=\"1881\">\n<div class=\"screen-reader-response\"><p role=\"status\" aria-live=\"polite\" aria-atomic=\"true\"><\/p> <ul><\/ul><\/div>\n<form action=\"\/en\/wp-json\/wp\/v2\/pages\/12598#wpcf7-f1881-o1\" method=\"post\" class=\"wpcf7-form init\" aria-label=\"Contact form\" novalidate=\"novalidate\" data-status=\"init\" data-trp-original-action=\"\/en\/wp-json\/wp\/v2\/pages\/12598#wpcf7-f1881-o1\">\n<fieldset class=\"hidden-fields-container\"><input type=\"hidden\" name=\"_wpcf7\" value=\"1881\" \/><input type=\"hidden\" name=\"_wpcf7_version\" value=\"6.1.5\" \/><input type=\"hidden\" name=\"_wpcf7_locale\" value=\"en_US\" \/><input type=\"hidden\" name=\"_wpcf7_unit_tag\" value=\"wpcf7-f1881-o1\" \/><input type=\"hidden\" name=\"_wpcf7_container_post\" value=\"0\" \/><input type=\"hidden\" name=\"_wpcf7_posted_data_hash\" value=\"\" \/><input type=\"hidden\" name=\"_wpcf7_recaptcha_response\" value=\"\" \/>\n<\/fieldset>\n<div class=\"row contact_form_2\">\n\t<div class=\"span6\">\n\t\t<p><span class=\"wpcf7-form-control-wrap\" data-name=\"your-name\"><input size=\"40\" maxlength=\"400\" class=\"wpcf7-form-control wpcf7-text wpcf7-validates-as-required\" aria-required=\"true\" aria-invalid=\"false\" placeholder=\"Your Name*\" value=\"\" type=\"text\" name=\"your-name\" \/><\/span>\n\t\t<\/p>\n\t<\/div>\n\t<div class=\"span6\">\n\t\t<p><span class=\"wpcf7-form-control-wrap\" data-name=\"your-email\"><input size=\"40\" maxlength=\"400\" class=\"wpcf7-form-control wpcf7-email wpcf7-validates-as-required wpcf7-text wpcf7-validates-as-email\" aria-required=\"true\" aria-invalid=\"false\" placeholder=\"E-mail*\" value=\"\" type=\"email\" name=\"your-email\" \/><\/span>\n\t\t<\/p>\n\t<\/div>\n\t<div class=\"span6\">\n\t\t<p><span class=\"wpcf7-form-control-wrap\" data-name=\"your-tel\"><input size=\"40\" maxlength=\"400\" class=\"wpcf7-form-control wpcf7-text\" aria-invalid=\"false\" placeholder=\"Phone\" value=\"\" type=\"text\" name=\"your-tel\" \/><\/span>\n\t\t<\/p>\n\t<\/div>\n\t<div class=\"span6\">\n\t\t<p><span class=\"wpcf7-form-control-wrap\" data-name=\"your-url\"><input size=\"40\" maxlength=\"400\" class=\"wpcf7-form-control wpcf7-url wpcf7-text wpcf7-validates-as-url\" aria-invalid=\"false\" placeholder=\"Website\" value=\"\" type=\"url\" name=\"your-url\" \/><\/span>\n\t\t<\/p>\n\t<\/div>\n\t<div class=\"span12\">\n\t\t<p><span class=\"wpcf7-form-control-wrap\" data-name=\"your-message\"><textarea cols=\"40\" rows=\"10\" maxlength=\"2000\" class=\"wpcf7-form-control wpcf7-textarea\" aria-invalid=\"false\" placeholder=\"Message\" name=\"your-message\"><\/textarea><\/span>\n\t\t<\/p>\n\t<\/div>\n\t<div class=\"span6\">\n\t\t<p><input class=\"wpcf7-form-control wpcf7-submit has-spinner\" type=\"submit\" value=\"Send Message\" \/>\n\t\t<\/p>\n\t<\/div>\n\t<div class=\"span6\">\n\t<span class=\"wpcf7-form-control-wrap recaptcha\" data-name=\"recaptcha\"><span data-sitekey=\"6LdKsPEjAAAAAFe_HxJoMtoCjZQ17d_lwiv4wRHf\" class=\"wpcf7-form-control wpcf7-recaptcha g-recaptcha\"><\/span>\r\n<noscript>\r\n\t<div class=\"grecaptcha-noscript\">\r\n\t\t<iframe src=\"https:\/\/www.google.com\/recaptcha\/api\/fallback?k=6LdKsPEjAAAAAFe_HxJoMtoCjZQ17d_lwiv4wRHf\" frameborder=\"0\" scrolling=\"no\" width=\"310\" height=\"430\">\r\n\t\t<\/iframe>\r\n\t\t<textarea name=\"g-recaptcha-response\" rows=\"3\" cols=\"40\" placeholder=\"reCaptcha Response Here\">\r\n\t\t<\/textarea>\r\n\t<\/div>\r\n<\/noscript>\r\n<\/span>\n\t<\/div>\n<\/div><div class=\"wpcf7-response-output\" aria-hidden=\"true\"><\/div>\n<input type=\"hidden\" name=\"trp-form-language\" value=\"en\"\/><\/form>\n<\/div>\n\t\t\t\t<\/div>\n\t\t\t\t<\/div>\n\t\t\t\t\t<\/div>\n\t\t<\/div>\n\t\t\t\t\t<\/div>\n\t\t<\/section>\n\t\t\t\t\t<\/div>\n\t\t<\/div>\n\t\t\t\t\t<\/div>\n\t\t<\/section>\n\t\t\t\t<section class=\"elementor-section elementor-top-section elementor-element elementor-element-ae83f29 elementor-section-full_width elementor-section-height-default elementor-section-height-default\" data-id=\"ae83f29\" data-element_type=\"section\">\n\t\t\t\t\t\t<div class=\"elementor-container elementor-column-gap-no\">\n\t\t\t\t\t<div class=\"elementor-column elementor-col-100 elementor-top-column elementor-element elementor-element-b56acda\" data-id=\"b56acda\" data-element_type=\"column\">\n\t\t\t<div class=\"elementor-widget-wrap elementor-element-populated\">\n\t\t\t\t\t\t<div class=\"elementor-element elementor-element-f44773d elementor-widget elementor-widget-google_maps\" data-id=\"f44773d\" data-element_type=\"widget\" data-widget_type=\"google_maps.default\">\n\t\t\t\t<div class=\"elementor-widget-container\">\n\t\t\t\t\t\t\t<div class=\"elementor-custom-embed\">\n\t\t\t<iframe loading=\"lazy\"\n\t\t\t\t\tsrc=\"https:\/\/maps.google.com\/maps?q=Relead&#038;t=m&#038;z=15&#038;output=embed&#038;iwloc=near\"\n\t\t\t\t\ttitle=\"Relead\"\n\t\t\t\t\taria-label=\"Relead\"\n\t\t\t><\/iframe>\n\t\t<\/div>\n\t\t\t\t\t\t<\/div>\n\t\t\t\t<\/div>\n\t\t\t\t\t<\/div>\n\t\t<\/div>\n\t\t\t\t\t<\/div>\n\t\t<\/section>\n\t\t\t\t<\/div>","protected":false},"excerpt":{"rendered":"<p>Contact Rejoignez-nous : T\u00e9l\u00e9phone:+216 51 534 536 +216 51 536 919 E-mail:contact@relead.tn commercial@relead.tn Addresse:Bloc A, Premier \u00e9tage, R\u00e9sidence Omar, Tunis 1073. Facebook Linkedin Instagram Envoyez-nous un message \u00c9crivez-nous quelque chose.<\/p>","protected":false},"author":2,"featured_media":0,"parent":0,"menu_order":0,"comment_status":"closed","ping_status":"closed","template":"","meta":{"footnotes":""},"class_list":["post-12598","page","type-page","status-publish","hentry"],"yoast_head":"<!-- This site is optimized with the Yoast SEO plugin v27.1.1 - https:\/\/yoast.com\/product\/yoast-seo-wordpress\/ -->\n<title>Relead | Contact<\/title>\n<meta name=\"description\" content=\"Vous cherchez \u00e0 mon\u00e9tiser votre Wi-Fi ou \u00e0 atteindre vos clients par le biais de la publicit\u00e9 Wi-Fi ? contactez Relead .\" \/>\n<meta name=\"robots\" content=\"index, follow, max-snippet:-1, max-image-preview:large, max-video-preview:-1\" \/>\n<link rel=\"canonical\" href=\"https:\/\/relead.tn\/en\/contact\/\" \/>\n<meta property=\"og:locale\" content=\"en_GB\" \/>\n<meta property=\"og:type\" content=\"article\" \/>\n<meta property=\"og:title\" content=\"Relead | Contact\" \/>\n<meta property=\"og:description\" content=\"Vous cherchez \u00e0 mon\u00e9tiser votre Wi-Fi ou \u00e0 atteindre vos clients par le biais de la publicit\u00e9 Wi-Fi ? contactez Relead .\" \/>\n<meta property=\"og:url\" content=\"https:\/\/relead.tn\/en\/contact\/\" \/>\n<meta property=\"og:site_name\" content=\"Relead\" \/>\n<meta property=\"article:publisher\" content=\"https:\/\/www.facebook.com\/Relead.ads\" \/>\n<meta property=\"article:modified_time\" content=\"2026-01-12T18:27:51+00:00\" \/>\n<meta name=\"twitter:card\" content=\"summary_large_image\" \/>\n<meta name=\"twitter:label1\" content=\"Estimated reading time\" \/>\n\t<meta name=\"twitter:data1\" content=\"1 minute\" \/>\n<script type=\"application\/ld+json\" class=\"yoast-schema-graph\">{\"@context\":\"https:\/\/schema.org\",\"@graph\":[{\"@type\":\"WebPage\",\"@id\":\"https:\/\/relead.tn\/contact\/\",\"url\":\"https:\/\/relead.tn\/contact\/\",\"name\":\"Relead | Contact\",\"isPartOf\":{\"@id\":\"https:\/\/relead.tn\/#website\"},\"datePublished\":\"2022-10-17T09:53:43+00:00\",\"dateModified\":\"2026-01-12T18:27:51+00:00\",\"description\":\"Vous cherchez \u00e0 mon\u00e9tiser votre Wi-Fi ou \u00e0 atteindre vos clients par le biais de la publicit\u00e9 Wi-Fi ? contactez Relead .\",\"breadcrumb\":{\"@id\":\"https:\/\/relead.tn\/contact\/#breadcrumb\"},\"inLanguage\":\"en-GB\",\"potentialAction\":[{\"@type\":\"ReadAction\",\"target\":[\"https:\/\/relead.tn\/contact\/\"]}]},{\"@type\":\"BreadcrumbList\",\"@id\":\"https:\/\/relead.tn\/contact\/#breadcrumb\",\"itemListElement\":[{\"@type\":\"ListItem\",\"position\":1,\"name\":\"Accueil\",\"item\":\"https:\/\/relead.tn\/\"},{\"@type\":\"ListItem\",\"position\":2,\"name\":\"Contact\"}]},{\"@type\":\"WebSite\",\"@id\":\"https:\/\/relead.tn\/#website\",\"url\":\"https:\/\/relead.tn\/\",\"name\":\"Relead\",\"description\":\"Publicit\u00e9 Wi-Fi - Ciblez la bonne audience avec Relead\",\"publisher\":{\"@id\":\"https:\/\/relead.tn\/#organization\"},\"potentialAction\":[{\"@type\":\"SearchAction\",\"target\":{\"@type\":\"EntryPoint\",\"urlTemplate\":\"https:\/\/relead.tn\/?s={search_term_string}\"},\"query-input\":{\"@type\":\"PropertyValueSpecification\",\"valueRequired\":true,\"valueName\":\"search_term_string\"}}],\"inLanguage\":\"en-GB\"},{\"@type\":\"Organization\",\"@id\":\"https:\/\/relead.tn\/#organization\",\"name\":\"Relead\",\"url\":\"https:\/\/relead.tn\/\",\"logo\":{\"@type\":\"ImageObject\",\"inLanguage\":\"en-GB\",\"@id\":\"https:\/\/relead.tn\/#\/schema\/logo\/image\/\",\"url\":\"https:\/\/relead.tn\/wp-content\/uploads\/2021\/09\/logo-relead-aligned.png\",\"contentUrl\":\"https:\/\/relead.tn\/wp-content\/uploads\/2021\/09\/logo-relead-aligned.png\",\"width\":284,\"height\":80,\"caption\":\"Relead\"},\"image\":{\"@id\":\"https:\/\/relead.tn\/#\/schema\/logo\/image\/\"},\"sameAs\":[\"https:\/\/www.facebook.com\/Relead.ads\",\"https:\/\/www.instagram.com\/relead.ads\/\",\"https:\/\/www.linkedin.com\/company\/relead-ads\/\"]}]}<\/script>\n<!-- \/ Yoast SEO plugin. -->","yoast_head_json":{"title":"Relead | Contact","description":"Vous cherchez \u00e0 mon\u00e9tiser votre Wi-Fi ou \u00e0 atteindre vos clients par le biais de la publicit\u00e9 Wi-Fi ? contactez Relead .","robots":{"index":"index","follow":"follow","max-snippet":"max-snippet:-1","max-image-preview":"max-image-preview:large","max-video-preview":"max-video-preview:-1"},"canonical":"https:\/\/relead.tn\/en\/contact\/","og_locale":"en_GB","og_type":"article","og_title":"Relead | Contact","og_description":"Vous cherchez \u00e0 mon\u00e9tiser votre Wi-Fi ou \u00e0 atteindre vos clients par le biais de la publicit\u00e9 Wi-Fi ? contactez Relead .","og_url":"https:\/\/relead.tn\/en\/contact\/","og_site_name":"Relead","article_publisher":"https:\/\/www.facebook.com\/Relead.ads","article_modified_time":"2026-01-12T18:27:51+00:00","twitter_card":"summary_large_image","twitter_misc":{"Estimated reading time":"1 minute"},"schema":{"@context":"https:\/\/schema.org","@graph":[{"@type":"WebPage","@id":"https:\/\/relead.tn\/contact\/","url":"https:\/\/relead.tn\/contact\/","name":"Relead | Contact","isPartOf":{"@id":"https:\/\/relead.tn\/#website"},"datePublished":"2022-10-17T09:53:43+00:00","dateModified":"2026-01-12T18:27:51+00:00","description":"Vous cherchez \u00e0 mon\u00e9tiser votre Wi-Fi ou \u00e0 atteindre vos clients par le biais de la publicit\u00e9 Wi-Fi ? contactez Relead .","breadcrumb":{"@id":"https:\/\/relead.tn\/contact\/#breadcrumb"},"inLanguage":"en-GB","potentialAction":[{"@type":"ReadAction","target":["https:\/\/relead.tn\/contact\/"]}]},{"@type":"BreadcrumbList","@id":"https:\/\/relead.tn\/contact\/#breadcrumb","itemListElement":[{"@type":"ListItem","position":1,"name":"Accueil","item":"https:\/\/relead.tn\/"},{"@type":"ListItem","position":2,"name":"Contact"}]},{"@type":"WebSite","@id":"https:\/\/relead.tn\/#website","url":"https:\/\/relead.tn\/","name":"Relead","description":"Publicit\u00e9 Wi-Fi - Ciblez la bonne audience avec Relead","publisher":{"@id":"https:\/\/relead.tn\/#organization"},"potentialAction":[{"@type":"SearchAction","target":{"@type":"EntryPoint","urlTemplate":"https:\/\/relead.tn\/?s={search_term_string}"},"query-input":{"@type":"PropertyValueSpecification","valueRequired":true,"valueName":"search_term_string"}}],"inLanguage":"en-GB"},{"@type":"Organization","@id":"https:\/\/relead.tn\/#organization","name":"Relead","url":"https:\/\/relead.tn\/","logo":{"@type":"ImageObject","inLanguage":"en-GB","@id":"https:\/\/relead.tn\/#\/schema\/logo\/image\/","url":"https:\/\/relead.tn\/wp-content\/uploads\/2021\/09\/logo-relead-aligned.png","contentUrl":"https:\/\/relead.tn\/wp-content\/uploads\/2021\/09\/logo-relead-aligned.png","width":284,"height":80,"caption":"Relead"},"image":{"@id":"https:\/\/relead.tn\/#\/schema\/logo\/image\/"},"sameAs":["https:\/\/www.facebook.com\/Relead.ads","https:\/\/www.instagram.com\/relead.ads\/","https:\/\/www.linkedin.com\/company\/relead-ads\/"]}]}},"_links":{"self":[{"href":"https:\/\/relead.tn\/en\/wp-json\/wp\/v2\/pages\/12598","targetHints":{"allow":["GET"]}}],"collection":[{"href":"https:\/\/relead.tn\/en\/wp-json\/wp\/v2\/pages"}],"about":[{"href":"https:\/\/relead.tn\/en\/wp-json\/wp\/v2\/types\/page"}],"author":[{"embeddable":true,"href":"https:\/\/relead.tn\/en\/wp-json\/wp\/v2\/users\/2"}],"replies":[{"embeddable":true,"href":"https:\/\/relead.tn\/en\/wp-json\/wp\/v2\/comments?post=12598"}],"version-history":[{"count":9,"href":"https:\/\/relead.tn\/en\/wp-json\/wp\/v2\/pages\/12598\/revisions"}],"predecessor-version":[{"id":17688,"href":"https:\/\/relead.tn\/en\/wp-json\/wp\/v2\/pages\/12598\/revisions\/17688"}],"wp:attachment":[{"href":"https:\/\/relead.tn\/en\/wp-json\/wp\/v2\/media?parent=12598"}],"curies":[{"name":"wp","href":"https:\/\/api.w.org\/{rel}","templated":true}]}}