{"id":14074,"date":"2023-11-01T12:37:27","date_gmt":"2023-11-01T11:37:27","guid":{"rendered":"https:\/\/relead.tn\/?page_id=14074"},"modified":"2025-08-18T16:25:07","modified_gmt":"2025-08-18T14:25:07","slug":"formulaire-dopposition","status":"publish","type":"page","link":"https:\/\/relead.tn\/en\/formulaire-dopposition\/","title":{"rendered":"Formulaire d&rsquo;opposition"},"content":{"rendered":"\t\t<div data-elementor-type=\"wp-page\" data-elementor-id=\"14074\" class=\"elementor elementor-14074\">\n\t\t\t\t\t\t<section class=\"elementor-section elementor-top-section elementor-element elementor-element-0b39c8a elementor-section-stretched elementor-section-boxed elementor-section-height-default elementor-section-height-default\" data-id=\"0b39c8a\" data-element_type=\"section\" data-settings=\"{&quot;stretch_section&quot;:&quot;section-stretched&quot;}\">\n\t\t\t\t\t\t<div class=\"elementor-container elementor-column-gap-default\">\n\t\t\t\t\t<div class=\"elementor-column elementor-col-100 elementor-top-column elementor-element elementor-element-146391d\" data-id=\"146391d\" data-element_type=\"column\">\n\t\t\t<div class=\"elementor-widget-wrap elementor-element-populated\">\n\t\t\t\t\t\t<div class=\"elementor-element elementor-element-fb4273c elementor-widget__width-initial elementor-widget elementor-widget-heading\" data-id=\"fb4273c\" data-element_type=\"widget\" data-widget_type=\"heading.default\">\n\t\t\t\t<div class=\"elementor-widget-container\">\n\t\t\t\t\t<h2 class=\"elementor-heading-title elementor-size-default\">Formulaire de demande du droit d'opposition<\/h2>\t\t\t\t<\/div>\n\t\t\t\t<\/div>\n\t\t\t\t\t<\/div>\n\t\t<\/div>\n\t\t\t\t\t<\/div>\n\t\t<\/section>\n\t\t\t\t<section class=\"elementor-section elementor-top-section elementor-element elementor-element-9516b78 elementor-section-stretched elementor-section-boxed elementor-section-height-default elementor-section-height-default\" data-id=\"9516b78\" data-element_type=\"section\" data-settings=\"{&quot;stretch_section&quot;:&quot;section-stretched&quot;}\">\n\t\t\t\t\t\t<div class=\"elementor-container elementor-column-gap-default\">\n\t\t\t\t\t<div class=\"elementor-column elementor-col-100 elementor-top-column elementor-element elementor-element-670242b\" data-id=\"670242b\" data-element_type=\"column\">\n\t\t\t<div class=\"elementor-widget-wrap elementor-element-populated\">\n\t\t\t\t\t\t<div class=\"elementor-element-custom_font_size elementor-element elementor-element-80c388e elementor-widget elementor-widget-text-editor\" data-id=\"80c388e\" data-element_type=\"widget\" data-widget_type=\"text-editor.default\">\n\t\t\t\t<div class=\"elementor-widget-container\">\n\t\t\t\t\t\t\t\t\t<p>Ce formulaire vous permet d\u2019exercer votre droit d\u2019opposition dans le cadre de la \u00a0Loi\u00a0organique num\u00e9ro 63 en date du 27 juillet\u00a02004\u00a0portant sur la\u00a0protection des donn\u00e9es\u00a0\u00e0 caract\u00e8re personnel (RGPD). Pour qu\u2019on puisse vous r\u00e9pondre dans les meilleurs d\u00e9lais, nous vous demandons de justifier votre identit\u00e9. Veuillez joindre une copie de votre pi\u00e8ce d\u2019identit\u00e9 en cours de validit\u00e9 (carte d\u2019identit\u00e9 nationale (CIN), passeport ou carte de s\u00e9jour).<\/p><ul><li>Si la personne concern\u00e9e est un mineur, veuillez joindre \u00e9galement une copie de la pi\u00e8ce d\u2019identit\u00e9 en cours de validit\u00e9 d\u2019au moins l\u2019un des parents. Est consid\u00e9r\u00e9 comme mineur par la Loi, toute personne concern\u00e9e ayant moins de 18 ans.<\/li><li>Si la personne concern\u00e9e est sous tutelle ou curatelle ou a demand\u00e9 un mandat pour l\u2019exercice de ses droits, veuillez joindre \u00e9galement une copie de la pi\u00e8ce d\u2019identit\u00e9 en cours de validit\u00e9 du tuteur, curateur ou mandataire ainsi que le mandat. R\u00e9f\u00e9rence : Loi organique num\u00e9ro 63 en date du 27 juillet 2004 portant sur la protection des donn\u00e9es \u00e0 caract\u00e8re personnel, article 42 : \u00ab La personne concern\u00e9e, ses h\u00e9ritiers ou son tuteur, a le droit de s&rsquo;opposer \u00e0 tout moment au traitement des donn\u00e9es \u00e0 caract\u00e8re personnel le concernant pour des raisons valables, l\u00e9gitimes et s\u00e9rieuses, sauf dans les cas o\u00f9 le traitement est pr\u00e9vu par la loi ou est exig\u00e9 par la nature de l&rsquo;obligation. En outre, la personne concern\u00e9e, ses h\u00e9ritiers ou son tuteur, a le droit de s&rsquo;opposer \u00e0 ce que les donn\u00e9es \u00e0 caract\u00e8re personnel la concernant soient communiqu\u00e9es aux tiers en vue de les exploiter \u00e0 des fins publicitaires. L&rsquo;opposition suspend imm\u00e9diatement le traitement. \u00bb<\/li><\/ul>\t\t\t\t\t\t\t\t<\/div>\n\t\t\t\t<\/div>\n\t\t\t\t\t<\/div>\n\t\t<\/div>\n\t\t\t\t\t<\/div>\n\t\t<\/section>\n\t\t\t\t<section class=\"elementor-section elementor-top-section elementor-element elementor-element-e1cd200 elementor-section-stretched elementor-section-boxed elementor-section-height-default elementor-section-height-default\" data-id=\"e1cd200\" data-element_type=\"section\" data-settings=\"{&quot;stretch_section&quot;:&quot;section-stretched&quot;}\">\n\t\t\t\t\t\t<div class=\"elementor-container elementor-column-gap-default\">\n\t\t\t\t\t<div class=\"elementor-column elementor-col-100 elementor-top-column elementor-element elementor-element-52729ba\" data-id=\"52729ba\" data-element_type=\"column\">\n\t\t\t<div class=\"elementor-widget-wrap elementor-element-populated\">\n\t\t\t\t\t\t<div class=\"elementor-element elementor-element-f3b586c elementor-button-align-start elementor-widget elementor-widget-form\" data-id=\"f3b586c\" data-element_type=\"widget\" data-settings=\"{&quot;button_width&quot;:&quot;100&quot;,&quot;step_type&quot;:&quot;number_text&quot;,&quot;step_icon_shape&quot;:&quot;circle&quot;}\" data-widget_type=\"form.default\">\n\t\t\t\t<div class=\"elementor-widget-container\">\n\t\t\t\t\t\t\t<form class=\"elementor-form\" method=\"post\" name=\"formulaire d&#039;opposition\">\n\t\t\t<input type=\"hidden\" name=\"post_id\" value=\"14074\"\/>\n\t\t\t<input type=\"hidden\" name=\"form_id\" value=\"f3b586c\"\/>\n\t\t\t<input type=\"hidden\" name=\"referer_title\" value=\"Relead\" \/>\n\n\t\t\t\n\t\t\t<div class=\"elementor-form-fields-wrapper elementor-labels-above\">\n\t\t\t\t\t\t\t\t<div class=\"elementor-field-type-text elementor-field-group elementor-column elementor-field-group-name elementor-col-100 elementor-field-required\">\n\t\t\t\t\t\t\t\t\t\t\t\t<label for=\"form-field-name\" class=\"elementor-field-label\">\n\t\t\t\t\t\t\t\tVotre nom\t\t\t\t\t\t\t<\/label>\n\t\t\t\t\t\t\t\t\t\t\t\t\t\t<input size=\"1\" type=\"text\" name=\"form_fields[name]\" id=\"form-field-name\" class=\"elementor-field elementor-size-sm  elementor-field-textual\" required=\"required\" aria-required=\"true\">\n\t\t\t\t\t\t\t\t\t\t\t<\/div>\n\t\t\t\t\t\t\t\t<div class=\"elementor-field-type-email elementor-field-group elementor-column elementor-field-group-email elementor-col-100 elementor-field-required\">\n\t\t\t\t\t\t\t\t\t\t\t\t<label for=\"form-field-email\" class=\"elementor-field-label\">\n\t\t\t\t\t\t\t\tVotre e-mail\t\t\t\t\t\t\t<\/label>\n\t\t\t\t\t\t\t\t\t\t\t\t\t\t<input size=\"1\" type=\"email\" name=\"form_fields[email]\" id=\"form-field-email\" class=\"elementor-field elementor-size-sm  elementor-field-textual\" required=\"required\" aria-required=\"true\">\n\t\t\t\t\t\t\t\t\t\t\t<\/div>\n\t\t\t\t\t\t\t\t<div class=\"elementor-field-type-html elementor-field-group elementor-column elementor-field-group-message elementor-col-100\">\n\t\t\t\t\tObjet :Opposition au traitement de mes donn\u00e9es personnelles\t\t\t\t<\/div>\n\t\t\t\t\t\t\t\t<div class=\"elementor-field-type-checkbox elementor-field-group elementor-column elementor-field-group-field_575c42e elementor-col-100\">\n\t\t\t\t\t<div class=\"elementor-field-subgroup  elementor-subgroup-inline\"><span class=\"elementor-field-option\"><input type=\"checkbox\" value=\"l&#039;utilisation \" id=\"form-field-field_575c42e-0\" name=\"form_fields[field_575c42e][]\"> <label for=\"form-field-field_575c42e-0\">l'utilisation <\/label><\/span><span class=\"elementor-field-option\"><input type=\"checkbox\" value=\"la conservation \" id=\"form-field-field_575c42e-1\" name=\"form_fields[field_575c42e][]\"> <label for=\"form-field-field_575c42e-1\">la conservation <\/label><\/span><span class=\"elementor-field-option\"><input type=\"checkbox\" value=\"la transmission\" id=\"form-field-field_575c42e-2\" name=\"form_fields[field_575c42e][]\"> <label for=\"form-field-field_575c42e-2\">la transmission<\/label><\/span><span class=\"elementor-field-option\"><input type=\"checkbox\" value=\"le transfert \" id=\"form-field-field_575c42e-3\" name=\"form_fields[field_575c42e][]\"> <label for=\"form-field-field_575c42e-3\">le transfert <\/label><\/span><span class=\"elementor-field-option\"><input type=\"checkbox\" value=\"la communication\" id=\"form-field-field_575c42e-4\" name=\"form_fields[field_575c42e][]\"> <label for=\"form-field-field_575c42e-4\">la communication<\/label><\/span><\/div>\t\t\t\t<\/div>\n\t\t\t\t\t\t\t\t<div class=\"elementor-field-type-html elementor-field-group elementor-column elementor-field-group-field_6e19584 elementor-col-100\">\n\t\t\t\t\tde mes donn\u00e9es personnelles figurant dans vos fichiers.\nJe demande la suppression de mes donn\u00e9es personnelles de vos fichiers (de prospection).\nMerci de transmettre ma demande aux partenaires \u00e0 qui vous avez pu les communiquer.\nJe vous rappelle qu\u2019en vertu de l\u2019article 91 de la Loi 2004-63, tout traitement de mes donn\u00e9es effectu\u00e9 malgr\u00e9 mon opposition est puni d\u2019un an d\u2019emprisonnement et de cinq mille dinars d\u2019amende.\nFaute de r\u00e9ponse de votre part dans les d\u00e9lais, ou en cas de r\u00e9ponse incompl\u00e8te, je saisirai l\u2019INPDP.\nMerci de bien vouloir me tenir inform\u00e9 (e) des suites que vous entendez donner \u00e0 ma demande.\nMes sentiments distingu\u00e9s.\t\t\t\t<\/div>\n\t\t\t\t\t\t\t\t<div class=\"elementor-field-group elementor-column elementor-field-type-submit elementor-col-100 e-form__buttons\">\n\t\t\t\t\t<button type=\"submit\" class=\"elementor-button elementor-size-sm\">\n\t\t\t\t\t\t<span >\n\t\t\t\t\t\t\t\t\t\t\t\t\t\t\t<span class=\" elementor-button-icon\">\n\t\t\t\t\t\t\t\t\t\t\t\t\t\t\t\t\t\t\t\t\t\t\t\t\t\t<\/span>\n\t\t\t\t\t\t\t\t\t\t\t\t\t\t\t\t\t\t\t\t\t\t<span class=\"elementor-button-text\">Envoyer<\/span>\n\t\t\t\t\t\t\t\t\t\t\t\t\t<\/span>\n\t\t\t\t\t<\/button>\n\t\t\t\t<\/div>\n\t\t\t<\/div>\n\t\t<\/form>\n\t\t\t\t\t\t<\/div>\n\t\t\t\t<\/div>\n\t\t\t\t\t<\/div>\n\t\t<\/div>\n\t\t\t\t\t<\/div>\n\t\t<\/section>\n\t\t\t\t<section class=\"elementor-section elementor-top-section elementor-element elementor-element-8a80430 elementor-section-stretched elementor-section-boxed elementor-section-height-default elementor-section-height-default\" data-id=\"8a80430\" data-element_type=\"section\" data-settings=\"{&quot;stretch_section&quot;:&quot;section-stretched&quot;}\">\n\t\t\t\t\t\t<div class=\"elementor-container elementor-column-gap-default\">\n\t\t\t\t\t<div class=\"elementor-column elementor-col-100 elementor-top-column elementor-element elementor-element-ce80ca8\" data-id=\"ce80ca8\" data-element_type=\"column\">\n\t\t\t<div class=\"elementor-widget-wrap elementor-element-populated\">\n\t\t\t\t\t\t<div class=\"elementor-element elementor-element-a1b19fc elementor-widget elementor-widget-spacer\" data-id=\"a1b19fc\" data-element_type=\"widget\" data-widget_type=\"spacer.default\">\n\t\t\t\t<div class=\"elementor-widget-container\">\n\t\t\t\t\t\t\t<div class=\"elementor-spacer\">\n\t\t\t<div class=\"elementor-spacer-inner\"><\/div>\n\t\t<\/div>\n\t\t\t\t\t\t<\/div>\n\t\t\t\t<\/div>\n\t\t\t\t\t<\/div>\n\t\t<\/div>\n\t\t\t\t\t<\/div>\n\t\t<\/section>\n\t\t\t\t<\/div>\n\t\t","protected":false},"excerpt":{"rendered":"<p>Formulaire de demande du droit d&rsquo;opposition Ce formulaire vous permet d\u2019exercer votre droit d\u2019opposition dans le cadre de la \u00a0Loi\u00a0organique num\u00e9ro 63 en date du 27 juillet\u00a02004\u00a0portant sur la\u00a0protection des donn\u00e9es\u00a0\u00e0 caract\u00e8re personnel (RGPD). Pour qu\u2019on puisse vous r\u00e9pondre dans les meilleurs d\u00e9lais, nous vous demandons de justifier votre identit\u00e9. Veuillez joindre une copie de [&hellip;]<\/p>\n","protected":false},"author":1,"featured_media":0,"parent":0,"menu_order":0,"comment_status":"closed","ping_status":"closed","template":"","meta":{"footnotes":""},"class_list":["post-14074","page","type-page","status-publish","hentry"],"yoast_head":"<!-- This site is optimized with the Yoast SEO plugin v27.1.1 - https:\/\/yoast.com\/product\/yoast-seo-wordpress\/ -->\n<title>Relead | Formulaire d&#039;opposition<\/title>\n<meta name=\"robots\" content=\"index, follow, max-snippet:-1, max-image-preview:large, max-video-preview:-1\" \/>\n<link rel=\"canonical\" href=\"https:\/\/relead.tn\/en\/formulaire-dopposition\/\" \/>\n<meta property=\"og:locale\" content=\"en_GB\" \/>\n<meta property=\"og:type\" content=\"article\" \/>\n<meta property=\"og:title\" content=\"Relead | Formulaire d&#039;opposition\" \/>\n<meta property=\"og:description\" content=\"Formulaire de demande du droit d&rsquo;opposition Ce formulaire vous permet d\u2019exercer votre droit d\u2019opposition dans le cadre de la \u00a0Loi\u00a0organique num\u00e9ro 63 en date du 27 juillet\u00a02004\u00a0portant sur la\u00a0protection des donn\u00e9es\u00a0\u00e0 caract\u00e8re personnel (RGPD). Pour qu\u2019on puisse vous r\u00e9pondre dans les meilleurs d\u00e9lais, nous vous demandons de justifier votre identit\u00e9. Veuillez joindre une copie de [&hellip;]\" \/>\n<meta property=\"og:url\" content=\"https:\/\/relead.tn\/en\/formulaire-dopposition\/\" \/>\n<meta property=\"og:site_name\" content=\"Relead\" \/>\n<meta property=\"article:publisher\" content=\"https:\/\/www.facebook.com\/Relead.ads\" \/>\n<meta property=\"article:modified_time\" content=\"2025-08-18T14:25:07+00:00\" \/>\n<meta name=\"twitter:card\" content=\"summary_large_image\" \/>\n<meta name=\"twitter:label1\" content=\"Estimated reading time\" \/>\n\t<meta name=\"twitter:data1\" content=\"3 minutes\" \/>\n<script type=\"application\/ld+json\" class=\"yoast-schema-graph\">{\"@context\":\"https:\/\/schema.org\",\"@graph\":[{\"@type\":\"WebPage\",\"@id\":\"https:\/\/relead.tn\/formulaire-dopposition\/\",\"url\":\"https:\/\/relead.tn\/formulaire-dopposition\/\",\"name\":\"Relead | Formulaire d'opposition\",\"isPartOf\":{\"@id\":\"https:\/\/relead.tn\/#website\"},\"datePublished\":\"2023-11-01T11:37:27+00:00\",\"dateModified\":\"2025-08-18T14:25:07+00:00\",\"breadcrumb\":{\"@id\":\"https:\/\/relead.tn\/formulaire-dopposition\/#breadcrumb\"},\"inLanguage\":\"en-GB\",\"potentialAction\":[{\"@type\":\"ReadAction\",\"target\":[\"https:\/\/relead.tn\/formulaire-dopposition\/\"]}]},{\"@type\":\"BreadcrumbList\",\"@id\":\"https:\/\/relead.tn\/formulaire-dopposition\/#breadcrumb\",\"itemListElement\":[{\"@type\":\"ListItem\",\"position\":1,\"name\":\"Accueil\",\"item\":\"https:\/\/relead.tn\/\"},{\"@type\":\"ListItem\",\"position\":2,\"name\":\"Formulaire d&#8217;opposition\"}]},{\"@type\":\"WebSite\",\"@id\":\"https:\/\/relead.tn\/#website\",\"url\":\"https:\/\/relead.tn\/\",\"name\":\"Relead\",\"description\":\"Publicit\u00e9 Wi-Fi - Ciblez la bonne audience avec Relead\",\"publisher\":{\"@id\":\"https:\/\/relead.tn\/#organization\"},\"potentialAction\":[{\"@type\":\"SearchAction\",\"target\":{\"@type\":\"EntryPoint\",\"urlTemplate\":\"https:\/\/relead.tn\/?s={search_term_string}\"},\"query-input\":{\"@type\":\"PropertyValueSpecification\",\"valueRequired\":true,\"valueName\":\"search_term_string\"}}],\"inLanguage\":\"en-GB\"},{\"@type\":\"Organization\",\"@id\":\"https:\/\/relead.tn\/#organization\",\"name\":\"Relead\",\"url\":\"https:\/\/relead.tn\/\",\"logo\":{\"@type\":\"ImageObject\",\"inLanguage\":\"en-GB\",\"@id\":\"https:\/\/relead.tn\/#\/schema\/logo\/image\/\",\"url\":\"https:\/\/relead.tn\/wp-content\/uploads\/2021\/09\/logo-relead-aligned.png\",\"contentUrl\":\"https:\/\/relead.tn\/wp-content\/uploads\/2021\/09\/logo-relead-aligned.png\",\"width\":284,\"height\":80,\"caption\":\"Relead\"},\"image\":{\"@id\":\"https:\/\/relead.tn\/#\/schema\/logo\/image\/\"},\"sameAs\":[\"https:\/\/www.facebook.com\/Relead.ads\",\"https:\/\/www.instagram.com\/relead.ads\/\",\"https:\/\/www.linkedin.com\/company\/relead-ads\/\"]}]}<\/script>\n<!-- \/ Yoast SEO plugin. -->","yoast_head_json":{"title":"Relead | Formulaire d'opposition","robots":{"index":"index","follow":"follow","max-snippet":"max-snippet:-1","max-image-preview":"max-image-preview:large","max-video-preview":"max-video-preview:-1"},"canonical":"https:\/\/relead.tn\/en\/formulaire-dopposition\/","og_locale":"en_GB","og_type":"article","og_title":"Relead | Formulaire d'opposition","og_description":"Formulaire de demande du droit d&rsquo;opposition Ce formulaire vous permet d\u2019exercer votre droit d\u2019opposition dans le cadre de la \u00a0Loi\u00a0organique num\u00e9ro 63 en date du 27 juillet\u00a02004\u00a0portant sur la\u00a0protection des donn\u00e9es\u00a0\u00e0 caract\u00e8re personnel (RGPD). Pour qu\u2019on puisse vous r\u00e9pondre dans les meilleurs d\u00e9lais, nous vous demandons de justifier votre identit\u00e9. Veuillez joindre une copie de [&hellip;]","og_url":"https:\/\/relead.tn\/en\/formulaire-dopposition\/","og_site_name":"Relead","article_publisher":"https:\/\/www.facebook.com\/Relead.ads","article_modified_time":"2025-08-18T14:25:07+00:00","twitter_card":"summary_large_image","twitter_misc":{"Estimated reading time":"3 minutes"},"schema":{"@context":"https:\/\/schema.org","@graph":[{"@type":"WebPage","@id":"https:\/\/relead.tn\/formulaire-dopposition\/","url":"https:\/\/relead.tn\/formulaire-dopposition\/","name":"Relead | Formulaire d'opposition","isPartOf":{"@id":"https:\/\/relead.tn\/#website"},"datePublished":"2023-11-01T11:37:27+00:00","dateModified":"2025-08-18T14:25:07+00:00","breadcrumb":{"@id":"https:\/\/relead.tn\/formulaire-dopposition\/#breadcrumb"},"inLanguage":"en-GB","potentialAction":[{"@type":"ReadAction","target":["https:\/\/relead.tn\/formulaire-dopposition\/"]}]},{"@type":"BreadcrumbList","@id":"https:\/\/relead.tn\/formulaire-dopposition\/#breadcrumb","itemListElement":[{"@type":"ListItem","position":1,"name":"Accueil","item":"https:\/\/relead.tn\/"},{"@type":"ListItem","position":2,"name":"Formulaire d&#8217;opposition"}]},{"@type":"WebSite","@id":"https:\/\/relead.tn\/#website","url":"https:\/\/relead.tn\/","name":"Relead","description":"Publicit\u00e9 Wi-Fi - Ciblez la bonne audience avec Relead","publisher":{"@id":"https:\/\/relead.tn\/#organization"},"potentialAction":[{"@type":"SearchAction","target":{"@type":"EntryPoint","urlTemplate":"https:\/\/relead.tn\/?s={search_term_string}"},"query-input":{"@type":"PropertyValueSpecification","valueRequired":true,"valueName":"search_term_string"}}],"inLanguage":"en-GB"},{"@type":"Organization","@id":"https:\/\/relead.tn\/#organization","name":"Relead","url":"https:\/\/relead.tn\/","logo":{"@type":"ImageObject","inLanguage":"en-GB","@id":"https:\/\/relead.tn\/#\/schema\/logo\/image\/","url":"https:\/\/relead.tn\/wp-content\/uploads\/2021\/09\/logo-relead-aligned.png","contentUrl":"https:\/\/relead.tn\/wp-content\/uploads\/2021\/09\/logo-relead-aligned.png","width":284,"height":80,"caption":"Relead"},"image":{"@id":"https:\/\/relead.tn\/#\/schema\/logo\/image\/"},"sameAs":["https:\/\/www.facebook.com\/Relead.ads","https:\/\/www.instagram.com\/relead.ads\/","https:\/\/www.linkedin.com\/company\/relead-ads\/"]}]}},"_links":{"self":[{"href":"https:\/\/relead.tn\/en\/wp-json\/wp\/v2\/pages\/14074","targetHints":{"allow":["GET"]}}],"collection":[{"href":"https:\/\/relead.tn\/en\/wp-json\/wp\/v2\/pages"}],"about":[{"href":"https:\/\/relead.tn\/en\/wp-json\/wp\/v2\/types\/page"}],"author":[{"embeddable":true,"href":"https:\/\/relead.tn\/en\/wp-json\/wp\/v2\/users\/1"}],"replies":[{"embeddable":true,"href":"https:\/\/relead.tn\/en\/wp-json\/wp\/v2\/comments?post=14074"}],"version-history":[{"count":4,"href":"https:\/\/relead.tn\/en\/wp-json\/wp\/v2\/pages\/14074\/revisions"}],"predecessor-version":[{"id":17233,"href":"https:\/\/relead.tn\/en\/wp-json\/wp\/v2\/pages\/14074\/revisions\/17233"}],"wp:attachment":[{"href":"https:\/\/relead.tn\/en\/wp-json\/wp\/v2\/media?parent=14074"}],"curies":[{"name":"wp","href":"https:\/\/api.w.org\/{rel}","templated":true}]}}