{"id":14076,"date":"2023-11-01T12:39:57","date_gmt":"2023-11-01T11:39:57","guid":{"rendered":"https:\/\/relead.tn\/?page_id=14076"},"modified":"2026-01-12T19:42:39","modified_gmt":"2026-01-12T18:42:39","slug":"demande-dopposition","status":"publish","type":"page","link":"https:\/\/relead.tn\/en\/demande-dopposition\/","title":{"rendered":"Demande d&rsquo;opposition"},"content":{"rendered":"<div data-elementor-type=\"wp-page\" data-elementor-id=\"14076\" class=\"elementor elementor-14076\">\n\t\t\t\t\t\t<section class=\"elementor-section elementor-top-section elementor-element elementor-element-37386d6 elementor-section-stretched elementor-section-boxed elementor-section-height-default elementor-section-height-default\" data-id=\"37386d6\" data-element_type=\"section\" data-settings=\"{&quot;stretch_section&quot;:&quot;section-stretched&quot;}\">\n\t\t\t\t\t\t<div class=\"elementor-container elementor-column-gap-default\">\n\t\t\t\t\t<div class=\"elementor-column elementor-col-100 elementor-top-column elementor-element elementor-element-d653457\" data-id=\"d653457\" data-element_type=\"column\">\n\t\t\t<div class=\"elementor-widget-wrap elementor-element-populated\">\n\t\t\t\t\t\t<div class=\"elementor-element elementor-element-f59e382 elementor-widget__width-initial elementor-widget elementor-widget-heading\" data-id=\"f59e382\" data-element_type=\"widget\" data-widget_type=\"heading.default\">\n\t\t\t\t<div class=\"elementor-widget-container\">\n\t\t\t\t\t<h2 class=\"elementor-heading-title elementor-size-default\">Objection to the Use of My Personal Data for Direct Marketing Purposes<\/h2>\t\t\t\t<\/div>\n\t\t\t\t<\/div>\n\t\t\t\t<div class=\"elementor-element-custom_font_size elementor-element elementor-element-a5c040a elementor-widget elementor-widget-text-editor\" data-id=\"a5c040a\" data-element_type=\"widget\" data-widget_type=\"text-editor.default\">\n\t\t\t\t<div class=\"elementor-widget-container\">\n\t\t\t\t\t\t\t\t\t<p>If you have never authorized the use of your personal data for direct marketing purposes and wish to ensure it is not used for this purpose, or if you have given (knowingly or unknowingly) your consent for the processing of your personal data and now wish to withdraw it, you may exercise your right to object.<\/p>\t\t\t\t\t\t\t\t<\/div>\n\t\t\t\t<\/div>\n\t\t\t\t\t<\/div>\n\t\t<\/div>\n\t\t\t\t\t<\/div>\n\t\t<\/section>\n\t\t\t\t<section class=\"elementor-section elementor-top-section elementor-element elementor-element-3b498cd elementor-section-stretched elementor-section-boxed elementor-section-height-default elementor-section-height-default\" data-id=\"3b498cd\" data-element_type=\"section\" data-settings=\"{&quot;stretch_section&quot;:&quot;section-stretched&quot;}\">\n\t\t\t\t\t\t<div class=\"elementor-container elementor-column-gap-default\">\n\t\t\t\t\t<div class=\"elementor-column elementor-col-100 elementor-top-column elementor-element elementor-element-74bb15a\" data-id=\"74bb15a\" data-element_type=\"column\">\n\t\t\t<div class=\"elementor-widget-wrap elementor-element-populated\">\n\t\t\t\t\t\t<div class=\"elementor-element elementor-element-ed43e94 elementor-widget elementor-widget-heading\" data-id=\"ed43e94\" data-element_type=\"widget\" data-widget_type=\"heading.default\">\n\t\t\t\t<div class=\"elementor-widget-container\">\n\t\t\t\t\t<h2 class=\"elementor-heading-title elementor-size-default\">What the Law Says<\/h2>\t\t\t\t<\/div>\n\t\t\t\t<\/div>\n\t\t\t\t<div class=\"elementor-element-custom_font_size elementor-element elementor-element-bcf3d04 elementor-widget elementor-widget-text-editor\" data-id=\"bcf3d04\" data-element_type=\"widget\" data-widget_type=\"text-editor.default\">\n\t\t\t\t<div class=\"elementor-widget-container\">\n\t\t\t\t\t\t\t\t\t<p>Organic Law No. 63 dated 27 July 2004 on the protection of personal data (GDPR equivalent):<\/p>\t\t\t\t\t\t\t\t<\/div>\n\t\t\t\t<\/div>\n\t\t\t\t<div class=\"elementor-element-custom_font_size elementor-element elementor-element-73c7d6a elementor-widget elementor-widget-text-editor\" data-id=\"73c7d6a\" data-element_type=\"widget\" data-widget_type=\"text-editor.default\">\n\t\t\t\t<div class=\"elementor-widget-container\">\n\t\t\t\t\t\t\t\t\t<b><i>Art. 37.<\/i><\/b><i><span>\u00a0\u201cThe controller of automated processing of personal data and the processor must implement the necessary technical means to enable the data subject, their heirs, or their guardian to send, electronically, their request for rectification, modification, correction, or erasure of personal data.\u201d<\/span><\/i> <\/br>\n\n<b><i>Art. 42.<\/i><\/b><i><span>\u00a0\u201cThe data subject, their heirs, or their guardian has the right to object at any time to the processing of personal data concerning them for valid, legitimate, and serious reasons, except in cases where the processing is provided for by law or is required by the nature of the obligation. Furthermore, the data subject, their heirs, or their guardian has the right to object to personal data concerning them being communicated to third parties for exploitation for advertising purposes. The objection immediately suspends the processing.\u201d\u00a0<\/span><\/i>\n\n<i><span>Furthermore, the data subject, their heirs or guardian, have the right to object to the personal data concerning them being communicated to third parties with a view to using them for advertising purposes.<\/span><\/i>\n\n<i><span>The opposition immediately suspends the processing. \u00bb<\/span><\/i><br>\n\n<b><i>Art. 91.<span>\u00a0<\/span><\/i><\/b><i><span>\u201cThe controller or the processor who continues to process personal data despite the objection of the data subject made in accordance with Article 42 of this law shall be punished by one year of imprisonment and a fine of five thousand dinars.\u201d<\/span><\/i>\n\n \t<li aria-level=\"1\"><span>You can object to the use of your personal data for commercial prospecting purposes under the \u201cright of opposition\u201d.<\/span><\/li>\n \t<li aria-level=\"1\"><span>This right to object may be exercised, free of charge,\u00a0<\/span><span>at any stage<\/span><span>\u00a0of the collection, processing, and transfer of your personal data.<\/span><\/li>\n \t<li aria-level=\"1\"><span>The\u00a0<\/span><span>law\u00a0<\/span><span>also allows you to request the erasure of this data and to ask the controller to ensure that this request is transmitted to the partner recipients of said data.<\/span><\/li>\n \t<li aria-level=\"1\"><span>Processing your personal data despite your opposition is punishable by one year\u2019s imprisonment and a fine of 5,000 dinars.<\/span><\/li>\n\t\t\t\t\t\t\t\t<\/div>\n\t\t\t\t<\/div>\n\t\t\t\t\t<\/div>\n\t\t<\/div>\n\t\t\t\t\t<\/div>\n\t\t<\/section>\n\t\t\t\t<section class=\"elementor-section elementor-top-section elementor-element elementor-element-d01d393 elementor-section-stretched elementor-section-boxed elementor-section-height-default elementor-section-height-default\" data-id=\"d01d393\" data-element_type=\"section\" data-settings=\"{&quot;stretch_section&quot;:&quot;section-stretched&quot;}\">\n\t\t\t\t\t\t<div class=\"elementor-container elementor-column-gap-default\">\n\t\t\t\t\t<div class=\"elementor-column elementor-col-100 elementor-top-column elementor-element elementor-element-1666e2b\" data-id=\"1666e2b\" data-element_type=\"column\">\n\t\t\t<div class=\"elementor-widget-wrap elementor-element-populated\">\n\t\t\t\t\t\t<div class=\"elementor-element elementor-element-c02e780 elementor-widget elementor-widget-heading\" data-id=\"c02e780\" data-element_type=\"widget\" data-widget_type=\"heading.default\">\n\t\t\t\t<div class=\"elementor-widget-container\">\n\t\t\t\t\t<h2 class=\"elementor-heading-title elementor-size-default\">What You Can Do<\/h2>\t\t\t\t<\/div>\n\t\t\t\t<\/div>\n\t\t\t\t<div class=\"elementor-element-custom_font_size elementor-element elementor-element-ab04f6f elementor-widget elementor-widget-text-editor\" data-id=\"ab04f6f\" data-element_type=\"widget\" data-widget_type=\"text-editor.default\">\n\t\t\t\t<div class=\"elementor-widget-container\">\n\t\t\t\t\t\t\t\t\t<p>Organic Law No. 63 dated 27 July 2004 on the protection of personal data (GDPR equivalent):<\/p>\t\t\t\t\t\t\t\t<\/div>\n\t\t\t\t<\/div>\n\t\t\t\t<div class=\"elementor-element-custom_font_size elementor-element elementor-element-60c7701 elementor-widget elementor-widget-text-editor\" data-id=\"60c7701\" data-element_type=\"widget\" data-widget_type=\"text-editor.default\">\n\t\t\t\t<div class=\"elementor-widget-container\">\n\t\t\t\t\t\t\t\t\t<span>Send a letter or email to the data controller of Relead.<\/span>\n\n<span>You must prove your identity, for example by:<\/span>\n\n \t<li aria-level=\"1\"><span>Providing your customer or subscription number along with your name and address.<\/span><\/li>\n \t<li aria-level=\"1\"><span>Exercising your rights via an online account in which you have previously logged in (username and password).<\/span><\/li>\n\n<span>Only if Relead has doubts about your identity may it request additional information, including a copy of an identity document.<\/span>\n\n<span>Keep a copy of your request (letter, screenshot, etc.). Request an acknowledgment of receipt to prove the date it was made.<\/span>\n\n<span>You should receive a response within 1 month of your request. This period may be extended by one additional month (to a total of 2 months) if the request is complex, but the company must justify the extension.<\/span>\n\n<span>Silence for more than 2 months counts as a refusal unless an extension is justified.<\/span>\n\n<span>If you receive no response within the allotted time, an incomplete response, or a refusal, you may lodge a complaint with the INPDP in accordance with Art. 43:\u00a0<\/span><i><span>\u201cThe National Authority for the Protection of Personal Data shall be seized of any dispute relating to the exercise of the right to object. The Authority must issue its decision within the time limit provided for in Article 41 of this law. The family judge shall rule on disputes relating to objection when the data subject is a child.\u201d<\/span><\/i>\n\n<span>The complaint may be:\u00a0<\/span>\n\n \t<li aria-level=\"1\"><span>Emailed to: inpdp@inpdp.nat.tn<\/span><\/li>\n \t<li aria-level=\"1\"><span>Faxed to:<\/span><span>\u00a071 799\u00a0823\u00a0<\/span><\/li>\n \t<li aria-level=\"1\"><span>Mailed to: 1, Rue Mohamed Moalla, 1002, Mutuelleville, Tunis B.P. 525<\/span><\/li>\n\n<span>The Authority must issue its decision within one month from the date it is seized.<\/span>\t\t\t\t\t\t\t\t<\/div>\n\t\t\t\t<\/div>\n\t\t\t\t\t<\/div>\n\t\t<\/div>\n\t\t\t\t\t<\/div>\n\t\t<\/section>\n\t\t\t\t<section class=\"elementor-section elementor-top-section elementor-element elementor-element-4c0a8f7 elementor-section-stretched elementor-section-boxed elementor-section-height-default elementor-section-height-default\" data-id=\"4c0a8f7\" data-element_type=\"section\" data-settings=\"{&quot;stretch_section&quot;:&quot;section-stretched&quot;}\">\n\t\t\t\t\t\t<div class=\"elementor-container elementor-column-gap-default\">\n\t\t\t\t\t<div class=\"elementor-column elementor-col-100 elementor-top-column elementor-element elementor-element-e336c4b\" data-id=\"e336c4b\" data-element_type=\"column\">\n\t\t\t<div class=\"elementor-widget-wrap elementor-element-populated\">\n\t\t\t\t\t\t<div class=\"elementor-element-custom_font_size elementor-element elementor-element-c3ce912 elementor-widget elementor-widget-text-editor\" data-id=\"c3ce912\" data-element_type=\"widget\" data-widget_type=\"text-editor.default\">\n\t\t\t\t<div class=\"elementor-widget-container\">\n\t\t\t\t\t\t\t\t\t<p><b>Note:<\/b><span><br \/><\/span><span>The sample request form we provide is for guidance only.<\/span><span><br \/><\/span><b>Attention :<\/b><span>\u00a0This template is not a substitute for personalized legal advice. Its purpose is to provide you with an argument that you may adapt according to your situation.<\/span><\/p>\t\t\t\t\t\t\t\t<\/div>\n\t\t\t\t<\/div>\n\t\t\t\t\t<\/div>\n\t\t<\/div>\n\t\t\t\t\t<\/div>\n\t\t<\/section>\n\t\t\t\t<\/div>","protected":false},"excerpt":{"rendered":"<p>Demande d&rsquo;opposition \u00e0 l&rsquo;utilisation de mes donn\u00e9es personnelles \u00e0 des fins de prospection commerciale Si vous n\u2019avez jamais autoris\u00e9 l\u2019utilisation de vos donn\u00e9es personnelles \u00e0 des fins de prospection commerciale ou vous souhaitez vous assurer qu\u2019elles ne seront pas utilis\u00e9es \u00e0 cette fin. Ou vous avez donn\u00e9 (consciemment ou non) l\u2019accord pour un traitement de [&hellip;]<\/p>\n","protected":false},"author":1,"featured_media":0,"parent":0,"menu_order":0,"comment_status":"closed","ping_status":"closed","template":"","meta":{"footnotes":""},"class_list":["post-14076","page","type-page","status-publish","hentry"],"yoast_head":"<!-- This site is optimized with the Yoast SEO plugin v27.1.1 - https:\/\/yoast.com\/product\/yoast-seo-wordpress\/ -->\n<title>Demande d&#039;opposition - Relead<\/title>\n<meta name=\"robots\" content=\"index, follow, max-snippet:-1, max-image-preview:large, max-video-preview:-1\" \/>\n<link rel=\"canonical\" href=\"https:\/\/relead.tn\/en\/demande-dopposition\/\" \/>\n<meta property=\"og:locale\" content=\"en_GB\" \/>\n<meta property=\"og:type\" content=\"article\" \/>\n<meta property=\"og:title\" content=\"Demande d&#039;opposition - Relead\" \/>\n<meta property=\"og:description\" content=\"Demande d&rsquo;opposition \u00e0 l&rsquo;utilisation de mes donn\u00e9es personnelles \u00e0 des fins de prospection commerciale Si vous n\u2019avez jamais autoris\u00e9 l\u2019utilisation de vos donn\u00e9es personnelles \u00e0 des fins de prospection commerciale ou vous souhaitez vous assurer qu\u2019elles ne seront pas utilis\u00e9es \u00e0 cette fin. Ou vous avez donn\u00e9 (consciemment ou non) l\u2019accord pour un traitement de [&hellip;]\" \/>\n<meta property=\"og:url\" content=\"https:\/\/relead.tn\/en\/demande-dopposition\/\" \/>\n<meta property=\"og:site_name\" content=\"Relead\" \/>\n<meta property=\"article:publisher\" content=\"https:\/\/www.facebook.com\/Relead.ads\" \/>\n<meta property=\"article:modified_time\" content=\"2026-01-12T18:42:39+00:00\" \/>\n<meta name=\"twitter:card\" content=\"summary_large_image\" \/>\n<meta name=\"twitter:label1\" content=\"Estimated reading time\" \/>\n\t<meta name=\"twitter:data1\" content=\"5 minutes\" \/>\n<script type=\"application\/ld+json\" class=\"yoast-schema-graph\">{\"@context\":\"https:\/\/schema.org\",\"@graph\":[{\"@type\":\"WebPage\",\"@id\":\"https:\/\/relead.tn\/demande-dopposition\/\",\"url\":\"https:\/\/relead.tn\/demande-dopposition\/\",\"name\":\"Demande d'opposition - Relead\",\"isPartOf\":{\"@id\":\"https:\/\/relead.tn\/#website\"},\"datePublished\":\"2023-11-01T11:39:57+00:00\",\"dateModified\":\"2026-01-12T18:42:39+00:00\",\"breadcrumb\":{\"@id\":\"https:\/\/relead.tn\/demande-dopposition\/#breadcrumb\"},\"inLanguage\":\"en-GB\",\"potentialAction\":[{\"@type\":\"ReadAction\",\"target\":[\"https:\/\/relead.tn\/demande-dopposition\/\"]}]},{\"@type\":\"BreadcrumbList\",\"@id\":\"https:\/\/relead.tn\/demande-dopposition\/#breadcrumb\",\"itemListElement\":[{\"@type\":\"ListItem\",\"position\":1,\"name\":\"Accueil\",\"item\":\"https:\/\/relead.tn\/\"},{\"@type\":\"ListItem\",\"position\":2,\"name\":\"Demande d&rsquo;opposition\"}]},{\"@type\":\"WebSite\",\"@id\":\"https:\/\/relead.tn\/#website\",\"url\":\"https:\/\/relead.tn\/\",\"name\":\"Relead\",\"description\":\"Publicit\u00e9 Wi-Fi - Ciblez la bonne audience avec Relead\",\"publisher\":{\"@id\":\"https:\/\/relead.tn\/#organization\"},\"potentialAction\":[{\"@type\":\"SearchAction\",\"target\":{\"@type\":\"EntryPoint\",\"urlTemplate\":\"https:\/\/relead.tn\/?s={search_term_string}\"},\"query-input\":{\"@type\":\"PropertyValueSpecification\",\"valueRequired\":true,\"valueName\":\"search_term_string\"}}],\"inLanguage\":\"en-GB\"},{\"@type\":\"Organization\",\"@id\":\"https:\/\/relead.tn\/#organization\",\"name\":\"Relead\",\"url\":\"https:\/\/relead.tn\/\",\"logo\":{\"@type\":\"ImageObject\",\"inLanguage\":\"en-GB\",\"@id\":\"https:\/\/relead.tn\/#\/schema\/logo\/image\/\",\"url\":\"https:\/\/relead.tn\/wp-content\/uploads\/2021\/09\/logo-relead-aligned.png\",\"contentUrl\":\"https:\/\/relead.tn\/wp-content\/uploads\/2021\/09\/logo-relead-aligned.png\",\"width\":284,\"height\":80,\"caption\":\"Relead\"},\"image\":{\"@id\":\"https:\/\/relead.tn\/#\/schema\/logo\/image\/\"},\"sameAs\":[\"https:\/\/www.facebook.com\/Relead.ads\",\"https:\/\/www.instagram.com\/relead.ads\/\",\"https:\/\/www.linkedin.com\/company\/relead-ads\/\"]}]}<\/script>\n<!-- \/ Yoast SEO plugin. -->","yoast_head_json":{"title":"Demande d'opposition - Relead","robots":{"index":"index","follow":"follow","max-snippet":"max-snippet:-1","max-image-preview":"max-image-preview:large","max-video-preview":"max-video-preview:-1"},"canonical":"https:\/\/relead.tn\/en\/demande-dopposition\/","og_locale":"en_GB","og_type":"article","og_title":"Demande d'opposition - Relead","og_description":"Demande d&rsquo;opposition \u00e0 l&rsquo;utilisation de mes donn\u00e9es personnelles \u00e0 des fins de prospection commerciale Si vous n\u2019avez jamais autoris\u00e9 l\u2019utilisation de vos donn\u00e9es personnelles \u00e0 des fins de prospection commerciale ou vous souhaitez vous assurer qu\u2019elles ne seront pas utilis\u00e9es \u00e0 cette fin. Ou vous avez donn\u00e9 (consciemment ou non) l\u2019accord pour un traitement de [&hellip;]","og_url":"https:\/\/relead.tn\/en\/demande-dopposition\/","og_site_name":"Relead","article_publisher":"https:\/\/www.facebook.com\/Relead.ads","article_modified_time":"2026-01-12T18:42:39+00:00","twitter_card":"summary_large_image","twitter_misc":{"Estimated reading time":"5 minutes"},"schema":{"@context":"https:\/\/schema.org","@graph":[{"@type":"WebPage","@id":"https:\/\/relead.tn\/demande-dopposition\/","url":"https:\/\/relead.tn\/demande-dopposition\/","name":"Demande d'opposition - Relead","isPartOf":{"@id":"https:\/\/relead.tn\/#website"},"datePublished":"2023-11-01T11:39:57+00:00","dateModified":"2026-01-12T18:42:39+00:00","breadcrumb":{"@id":"https:\/\/relead.tn\/demande-dopposition\/#breadcrumb"},"inLanguage":"en-GB","potentialAction":[{"@type":"ReadAction","target":["https:\/\/relead.tn\/demande-dopposition\/"]}]},{"@type":"BreadcrumbList","@id":"https:\/\/relead.tn\/demande-dopposition\/#breadcrumb","itemListElement":[{"@type":"ListItem","position":1,"name":"Accueil","item":"https:\/\/relead.tn\/"},{"@type":"ListItem","position":2,"name":"Demande d&rsquo;opposition"}]},{"@type":"WebSite","@id":"https:\/\/relead.tn\/#website","url":"https:\/\/relead.tn\/","name":"Relead","description":"Publicit\u00e9 Wi-Fi - Ciblez la bonne audience avec Relead","publisher":{"@id":"https:\/\/relead.tn\/#organization"},"potentialAction":[{"@type":"SearchAction","target":{"@type":"EntryPoint","urlTemplate":"https:\/\/relead.tn\/?s={search_term_string}"},"query-input":{"@type":"PropertyValueSpecification","valueRequired":true,"valueName":"search_term_string"}}],"inLanguage":"en-GB"},{"@type":"Organization","@id":"https:\/\/relead.tn\/#organization","name":"Relead","url":"https:\/\/relead.tn\/","logo":{"@type":"ImageObject","inLanguage":"en-GB","@id":"https:\/\/relead.tn\/#\/schema\/logo\/image\/","url":"https:\/\/relead.tn\/wp-content\/uploads\/2021\/09\/logo-relead-aligned.png","contentUrl":"https:\/\/relead.tn\/wp-content\/uploads\/2021\/09\/logo-relead-aligned.png","width":284,"height":80,"caption":"Relead"},"image":{"@id":"https:\/\/relead.tn\/#\/schema\/logo\/image\/"},"sameAs":["https:\/\/www.facebook.com\/Relead.ads","https:\/\/www.instagram.com\/relead.ads\/","https:\/\/www.linkedin.com\/company\/relead-ads\/"]}]}},"_links":{"self":[{"href":"https:\/\/relead.tn\/en\/wp-json\/wp\/v2\/pages\/14076","targetHints":{"allow":["GET"]}}],"collection":[{"href":"https:\/\/relead.tn\/en\/wp-json\/wp\/v2\/pages"}],"about":[{"href":"https:\/\/relead.tn\/en\/wp-json\/wp\/v2\/types\/page"}],"author":[{"embeddable":true,"href":"https:\/\/relead.tn\/en\/wp-json\/wp\/v2\/users\/1"}],"replies":[{"embeddable":true,"href":"https:\/\/relead.tn\/en\/wp-json\/wp\/v2\/comments?post=14076"}],"version-history":[{"count":4,"href":"https:\/\/relead.tn\/en\/wp-json\/wp\/v2\/pages\/14076\/revisions"}],"predecessor-version":[{"id":17700,"href":"https:\/\/relead.tn\/en\/wp-json\/wp\/v2\/pages\/14076\/revisions\/17700"}],"wp:attachment":[{"href":"https:\/\/relead.tn\/en\/wp-json\/wp\/v2\/media?parent=14076"}],"curies":[{"name":"wp","href":"https:\/\/api.w.org\/{rel}","templated":true}]}}