{"id":14078,"date":"2023-11-01T12:43:21","date_gmt":"2023-11-01T11:43:21","guid":{"rendered":"https:\/\/relead.tn\/?page_id=14078"},"modified":"2026-01-12T20:00:22","modified_gmt":"2026-01-12T19:00:22","slug":"formulaire-dacces","status":"publish","type":"page","link":"https:\/\/relead.tn\/en\/formulaire-dacces\/","title":{"rendered":"Formulaire d&rsquo;acc\u00e9s"},"content":{"rendered":"\t\t<div data-elementor-type=\"wp-page\" data-elementor-id=\"14078\" class=\"elementor elementor-14078\">\n\t\t\t\t\t\t<section class=\"elementor-section elementor-top-section elementor-element elementor-element-9ed9131 elementor-section-stretched elementor-section-boxed elementor-section-height-default elementor-section-height-default\" data-id=\"9ed9131\" data-element_type=\"section\" data-settings=\"{&quot;stretch_section&quot;:&quot;section-stretched&quot;}\">\n\t\t\t\t\t\t<div class=\"elementor-container elementor-column-gap-default\">\n\t\t\t\t\t<div class=\"elementor-column elementor-col-100 elementor-top-column elementor-element elementor-element-c5a7283\" data-id=\"c5a7283\" data-element_type=\"column\">\n\t\t\t<div class=\"elementor-widget-wrap elementor-element-populated\">\n\t\t\t\t\t\t<div class=\"elementor-element elementor-element-4e569e2 elementor-widget__width-initial elementor-widget elementor-widget-heading\" data-id=\"4e569e2\" data-element_type=\"widget\" data-widget_type=\"heading.default\">\n\t\t\t\t<div class=\"elementor-widget-container\">\n\t\t\t\t\t<h2 class=\"elementor-heading-title elementor-size-default\">Formulaire de demande du droit d'acc\u00e9s<\/h2>\t\t\t\t<\/div>\n\t\t\t\t<\/div>\n\t\t\t\t\t<\/div>\n\t\t<\/div>\n\t\t\t\t\t<\/div>\n\t\t<\/section>\n\t\t\t\t<section class=\"elementor-section elementor-top-section elementor-element elementor-element-097be1b elementor-section-stretched elementor-section-boxed elementor-section-height-default elementor-section-height-default\" data-id=\"097be1b\" data-element_type=\"section\" data-settings=\"{&quot;stretch_section&quot;:&quot;section-stretched&quot;}\">\n\t\t\t\t\t\t<div class=\"elementor-container elementor-column-gap-default\">\n\t\t\t\t\t<div class=\"elementor-column elementor-col-100 elementor-top-column elementor-element elementor-element-71f0abc\" data-id=\"71f0abc\" data-element_type=\"column\">\n\t\t\t<div class=\"elementor-widget-wrap elementor-element-populated\">\n\t\t\t\t\t\t<div class=\"elementor-element-custom_font_size elementor-element elementor-element-28977ca elementor-widget elementor-widget-text-editor\" data-id=\"28977ca\" data-element_type=\"widget\" data-widget_type=\"text-editor.default\">\n\t\t\t\t<div class=\"elementor-widget-container\">\n\t\t\t\t\t\t\t\t\t<section class=\"elementor-section elementor-top-section elementor-element elementor-element-0c7234e elementor-section-boxed elementor-section-height-default elementor-section-height-default\" data-id=\"0c7234e\" data-element_type=\"section\"><br \/><div class=\"elementor-container elementor-column-gap-default\"><div class=\"elementor-row\"><div class=\"elementor-column elementor-col-100 elementor-top-column elementor-element elementor-element-6dbbf91\" data-id=\"6dbbf91\" data-element_type=\"column\"><div class=\"elementor-column-wrap elementor-element-populated\"><div class=\"elementor-widget-wrap\"><div class=\"elementor-element elementor-element-4f48eb7 elementor-widget elementor-widget-text-editor\" data-id=\"4f48eb7\" data-element_type=\"widget\" data-widget_type=\"text-editor.default\"><div class=\"elementor-widget-container\"><div class=\"elementor-text-editor elementor-clearfix\"><section class=\"elementor-section elementor-top-section elementor-element elementor-element-0c7234e elementor-section-boxed elementor-section-height-default elementor-section-height-default\" data-id=\"0c7234e\" data-element_type=\"section\"><div class=\"elementor-container elementor-column-gap-default\"><div class=\"elementor-row\"><div class=\"elementor-column elementor-col-100 elementor-top-column elementor-element elementor-element-6dbbf91\" data-id=\"6dbbf91\" data-element_type=\"column\"><div class=\"elementor-column-wrap elementor-element-populated\"><div class=\"elementor-widget-wrap\"><div class=\"elementor-element elementor-element-4f48eb7 elementor-widget elementor-widget-text-editor\" data-id=\"4f48eb7\" data-element_type=\"widget\" data-widget_type=\"text-editor.default\"><div class=\"elementor-widget-container\"><div class=\"elementor-text-editor elementor-clearfix\"><p><span>Ce formulaire vous permet d\u2019exercer votre droit d\u2019acc\u00e8s dans le cadre de la \u00a0Loi\u00a0organique num\u00e9ro 63 en date du 27 juillet\u00a02004\u00a0portant sur la\u00a0protection des donn\u00e9es\u00a0\u00e0 caract\u00e8re personnel (RGPD).<\/span><\/p><p><span>Pour qu\u2019on puisse vous r\u00e9pondre dans les meilleurs, nous vous demandons de justifier votre identit\u00e9. Veuillez joindre une copie de votre pi\u00e8ce d\u2019identit\u00e9 en cours de validit\u00e9 (carte d\u2019identit\u00e9 nationale (CIN), passeport ou carte de s\u00e9jour).<\/span><\/p><ul><li aria-level=\"1\"><span>Si la personne concern\u00e9e est un mineur, veuillez joindre \u00e9galement une copie de la pi\u00e8ce d\u2019identit\u00e9 en cours de validit\u00e9 d\u2019au moins l\u2019un des parents.\u00a0<\/span><i><span>Est consid\u00e9r\u00e9 comme mineur par la Loi, toute personne concern\u00e9e ayant moins de 18 ans.<\/span><\/i><\/li><li aria-level=\"1\"><span>Si la personne concern\u00e9e est sous tutelle ou curatelle ou a demand\u00e9 un mandat pour l\u2019exercice de ses droits, veuillez joindre \u00e9galement une copie de la pi\u00e8ce d\u2019identit\u00e9 en cours de validit\u00e9 du tuteur, curateur ou mandataire ainsi que le mandat.<\/span><\/li><\/ul><\/div><\/div><\/div><\/div><\/div><\/div><\/div><\/div><\/section><section class=\"elementor-section elementor-top-section elementor-element elementor-element-6afb932 elementor-hidden-tablet elementor-hidden-mobile elementor-section-boxed elementor-section-height-default elementor-section-height-default\" data-id=\"6afb932\" data-element_type=\"section\"><div class=\"elementor-container elementor-column-gap-default\"><div class=\"elementor-row\"><div class=\"elementor-column elementor-col-100 elementor-top-column elementor-element elementor-element-0485407\" data-id=\"0485407\" data-element_type=\"column\"><div class=\"elementor-column-wrap elementor-element-populated\"><div class=\"elementor-widget-wrap\"><div class=\"elementor-element elementor-element-525ee5c elementor-widget elementor-widget-shortcode\" data-id=\"525ee5c\" data-element_type=\"widget\" data-widget_type=\"shortcode.default\"><div class=\"elementor-widget-container\"><div class=\"elementor-shortcode\"><div id=\"wpcf7-f14143-p14088-o2\" class=\"wpcf7 js\" dir=\"ltr\" lang=\"fr-FR\"><div class=\"screen-reader-response\">\u00a0<\/div><form class=\"wpcf7-form init\" action=\"http:\/\/web.archive.org\/web\/20230327061612\/https:\/\/relead.tn\/formulaire-dacces\/#wpcf7-f14143-p14088-o2\" method=\"post\" novalidate=\"novalidate\" aria-label=\"Formulaire de contact\" data-status=\"init\"><p>Demande d\u2019acc\u00e8s \u00e0 mes donn\u00e9es personnelles<\/p><p>R\u00e9f\u00e9rence : Loi organique num\u00e9ro 63 en date du 27 juillet 2004 portant sur la protection des donn\u00e9es \u00e0 caract\u00e8re personnel, article Art. 40. \u00ab La personne concern\u00e9e, ses h\u00e9ritiers ou son tuteur, peut demander de rectifier les donn\u00e9es \u00e0 caract\u00e8re personnel la concernant, les compl\u00e9ter, les modifier, les clarifier, les mettre \u00e0 jour, les effacer lorsqu&rsquo;elles s&rsquo;av\u00e8rent inexactes, incompl\u00e8tes, ou ambigu\u00ebs, ou demander leur destruction lorsque leur collecte ou leur utilisation a \u00e9t\u00e9 effectu\u00e9e en violation de la pr\u00e9sente loi. Elle peut en outre demander, sans frais et apr\u00e8s l&rsquo;accomplissement des proc\u00e9dures requises, la d\u00e9livrance d&rsquo;une copie des donn\u00e9es \u00e0 caract\u00e8re personnel et indiquer ce qui n&rsquo;a pas \u00e9t\u00e9 r\u00e9alis\u00e9 en ce qui concerne ces donn\u00e9es. Dans ce cas, le responsable du traitement ou le sous-traitant doit lui d\u00e9livrer une copie des donn\u00e9es demand\u00e9es dans un d\u00e9lai ne d\u00e9passant pas un mois \u00e0 compter de la date de la pr\u00e9sentation de la demande. En cas de refus, explicite ou implicite, de la demande l&rsquo;Instance peut \u00eatre saisie dans un d\u00e9lai ne d\u00e9passant pas un mois \u00e0 partir de la date d&rsquo;expiration du d\u00e9lai mentionn\u00e9 au paragraphe pr\u00e9c\u00e9dent. \u00bb<\/p><\/form><\/div><\/div><\/div><\/div><\/div><\/div><\/div><\/div><\/div><\/section><\/div><\/div><\/div><\/div><\/div><\/div><\/div><\/div><\/section>\t\t\t\t\t\t\t\t<\/div>\n\t\t\t\t<\/div>\n\t\t\t\t\t<\/div>\n\t\t<\/div>\n\t\t\t\t\t<\/div>\n\t\t<\/section>\n\t\t\t\t<section class=\"elementor-section elementor-top-section elementor-element elementor-element-4a8fac6 elementor-section-stretched elementor-section-boxed elementor-section-height-default elementor-section-height-default\" data-id=\"4a8fac6\" data-element_type=\"section\" data-settings=\"{&quot;stretch_section&quot;:&quot;section-stretched&quot;}\">\n\t\t\t\t\t\t<div class=\"elementor-container elementor-column-gap-default\">\n\t\t\t\t\t<div class=\"elementor-column elementor-col-100 elementor-top-column elementor-element elementor-element-9db64d0\" data-id=\"9db64d0\" data-element_type=\"column\">\n\t\t\t<div class=\"elementor-widget-wrap elementor-element-populated\">\n\t\t\t\t\t\t<div class=\"elementor-element elementor-element-786de78 elementor-button-align-start elementor-widget elementor-widget-form\" data-id=\"786de78\" data-element_type=\"widget\" data-settings=\"{&quot;button_width&quot;:&quot;100&quot;,&quot;step_type&quot;:&quot;number_text&quot;,&quot;step_icon_shape&quot;:&quot;circle&quot;}\" data-widget_type=\"form.default\">\n\t\t\t\t<div class=\"elementor-widget-container\">\n\t\t\t\t\t\t\t<form class=\"elementor-form\" method=\"post\" name=\"formulaire d&#039;acc\u00e8s \">\n\t\t\t<input type=\"hidden\" name=\"post_id\" value=\"14078\"\/>\n\t\t\t<input type=\"hidden\" name=\"form_id\" value=\"786de78\"\/>\n\t\t\t<input type=\"hidden\" name=\"referer_title\" value=\"Relead\" \/>\n\n\t\t\t\n\t\t\t<div class=\"elementor-form-fields-wrapper elementor-labels-above\">\n\t\t\t\t\t\t\t\t<div class=\"elementor-field-type-text elementor-field-group elementor-column elementor-field-group-name elementor-col-100 elementor-field-required\">\n\t\t\t\t\t\t\t\t\t\t\t\t<label for=\"form-field-name\" class=\"elementor-field-label\">\n\t\t\t\t\t\t\t\tVotre nom\t\t\t\t\t\t\t<\/label>\n\t\t\t\t\t\t\t\t\t\t\t\t\t\t<input size=\"1\" type=\"text\" name=\"form_fields[name]\" id=\"form-field-name\" class=\"elementor-field elementor-size-sm  elementor-field-textual\" required=\"required\" aria-required=\"true\">\n\t\t\t\t\t\t\t\t\t\t\t<\/div>\n\t\t\t\t\t\t\t\t<div class=\"elementor-field-type-email elementor-field-group elementor-column elementor-field-group-email elementor-col-100 elementor-field-required\">\n\t\t\t\t\t\t\t\t\t\t\t\t<label for=\"form-field-email\" class=\"elementor-field-label\">\n\t\t\t\t\t\t\t\tVotre e-mail\t\t\t\t\t\t\t<\/label>\n\t\t\t\t\t\t\t\t\t\t\t\t\t\t<input size=\"1\" type=\"email\" name=\"form_fields[email]\" id=\"form-field-email\" class=\"elementor-field elementor-size-sm  elementor-field-textual\" required=\"required\" aria-required=\"true\">\n\t\t\t\t\t\t\t\t\t\t\t<\/div>\n\t\t\t\t\t\t\t\t<div class=\"elementor-field-type-html elementor-field-group elementor-column elementor-field-group-field_947df83 elementor-col-100\">\n\t\t\t\t\tObjet:\nDemande de (rectifier, compl\u00e9ter, modifier, clarifier, mettre \u00e0 jour, effacer) mes donn\u00e9es personnelles\t\t\t\t<\/div>\n\t\t\t\t\t\t\t\t<div class=\"elementor-field-type-checkbox elementor-field-group elementor-column elementor-field-group-field_496d2ca elementor-col-100\">\n\t\t\t\t\t\t\t\t\t\t\t\t<label for=\"form-field-field_496d2ca\" class=\"elementor-field-label\">\n\t\t\t\t\t\t\t\tMadame, Monsieur, Par la pr\u00e9sente, et ce en application de l\u2019article 40 de la Loi organique num\u00e9ro 63 en date du 27 juillet 2004 portant sur la protection des donn\u00e9es \u00e0 caract\u00e8re personnel, je vous demande de\t\t\t\t\t\t\t<\/label>\n\t\t\t\t\t\t<div class=\"elementor-field-subgroup  elementor-subgroup-inline\"><span class=\"elementor-field-option\"><input type=\"checkbox\" value=\"rectifier\" id=\"form-field-field_496d2ca-0\" name=\"form_fields[field_496d2ca][]\"> <label for=\"form-field-field_496d2ca-0\">rectifier<\/label><\/span><span class=\"elementor-field-option\"><input type=\"checkbox\" value=\"compl\u00e9ter\" id=\"form-field-field_496d2ca-1\" name=\"form_fields[field_496d2ca][]\"> <label for=\"form-field-field_496d2ca-1\">compl\u00e9ter<\/label><\/span><span class=\"elementor-field-option\"><input type=\"checkbox\" value=\"modifier\" id=\"form-field-field_496d2ca-2\" name=\"form_fields[field_496d2ca][]\"> <label for=\"form-field-field_496d2ca-2\">modifier<\/label><\/span><span class=\"elementor-field-option\"><input type=\"checkbox\" value=\"clarifier\" id=\"form-field-field_496d2ca-3\" name=\"form_fields[field_496d2ca][]\"> <label for=\"form-field-field_496d2ca-3\">clarifier<\/label><\/span><span class=\"elementor-field-option\"><input type=\"checkbox\" value=\"mettre \u00e0 jour \" id=\"form-field-field_496d2ca-4\" name=\"form_fields[field_496d2ca][]\"> <label for=\"form-field-field_496d2ca-4\">mettre \u00e0 jour <\/label><\/span><span class=\"elementor-field-option\"><input type=\"checkbox\" value=\"effacer\" id=\"form-field-field_496d2ca-5\" name=\"form_fields[field_496d2ca][]\"> <label for=\"form-field-field_496d2ca-5\">effacer<\/label><\/span><\/div>\t\t\t\t<\/div>\n\t\t\t\t\t\t\t\t<div class=\"elementor-field-type-text elementor-field-group elementor-column elementor-field-group-field_ddc3b3c elementor-col-100\">\n\t\t\t\t\t\t\t\t\t\t\t\t<label for=\"form-field-field_ddc3b3c\" class=\"elementor-field-label\">\n\t\t\t\t\t\t\t\tmes donn\u00e9es personnelles suivantes :\t\t\t\t\t\t\t<\/label>\n\t\t\t\t\t\t\t\t\t\t\t\t\t\t<input size=\"1\" type=\"text\" name=\"form_fields[field_ddc3b3c]\" id=\"form-field-field_ddc3b3c\" class=\"elementor-field elementor-size-sm  elementor-field-textual\">\n\t\t\t\t\t\t\t\t\t\t\t<\/div>\n\t\t\t\t\t\t\t\t<div class=\"elementor-field-type-html elementor-field-group elementor-column elementor-field-group-field_082fdff elementor-col-100\">\n\t\t\t\t\tde mes donn\u00e9es personnelles figurant dans vos fichiers.\t\t\t\t<\/div>\n\t\t\t\t\t\t\t\t<div class=\"elementor-field-type-html elementor-field-group elementor-column elementor-field-group-field_d0e5abf elementor-col-100\">\n\t\t\t\t\tMerci de transmettre ma demande aux partenaires \u00e0 qui vous avez pu les communiquer.\nJe vous rappelle qu\u2019en vertu de l\u2019article 92 de la Loi 2004-63, est puni de huit mois d'emprisonnement et d'une amende de trois mille dinars, le responsable du traitement ou le sous-traitant qui intentionnellement limite ou entrave l'exercice du droit d'acc\u00e8s.\nFaute de r\u00e9ponse de votre part dans les d\u00e9lais, ou en cas de r\u00e9ponse incompl\u00e8te, je saisirai l\u2019INPDP.\nMerci de bien vouloir me tenir inform\u00e9(e) des suites que vous entendez donner \u00e0 ma demande.\nMes sentiments distingu\u00e9s.\t\t\t\t<\/div>\n\t\t\t\t\t\t\t\t<div class=\"elementor-field-group elementor-column elementor-field-type-submit elementor-col-100 e-form__buttons\">\n\t\t\t\t\t<button type=\"submit\" class=\"elementor-button elementor-size-sm\">\n\t\t\t\t\t\t<span >\n\t\t\t\t\t\t\t\t\t\t\t\t\t\t\t<span class=\" elementor-button-icon\">\n\t\t\t\t\t\t\t\t\t\t\t\t\t\t\t\t\t\t\t\t\t\t\t\t\t\t<\/span>\n\t\t\t\t\t\t\t\t\t\t\t\t\t\t\t\t\t\t\t\t\t\t<span class=\"elementor-button-text\">Envoyer<\/span>\n\t\t\t\t\t\t\t\t\t\t\t\t\t<\/span>\n\t\t\t\t\t<\/button>\n\t\t\t\t<\/div>\n\t\t\t<\/div>\n\t\t<\/form>\n\t\t\t\t\t\t<\/div>\n\t\t\t\t<\/div>\n\t\t\t\t\t<\/div>\n\t\t<\/div>\n\t\t\t\t\t<\/div>\n\t\t<\/section>\n\t\t\t\t<section class=\"elementor-section elementor-top-section elementor-element elementor-element-bfbea85 elementor-section-stretched elementor-section-boxed elementor-section-height-default elementor-section-height-default\" data-id=\"bfbea85\" data-element_type=\"section\" data-settings=\"{&quot;stretch_section&quot;:&quot;section-stretched&quot;}\">\n\t\t\t\t\t\t<div class=\"elementor-container elementor-column-gap-default\">\n\t\t\t\t\t<div class=\"elementor-column elementor-col-100 elementor-top-column elementor-element elementor-element-91641b7\" data-id=\"91641b7\" data-element_type=\"column\">\n\t\t\t<div class=\"elementor-widget-wrap elementor-element-populated\">\n\t\t\t\t\t\t<div class=\"elementor-element elementor-element-53e44ef elementor-widget elementor-widget-spacer\" data-id=\"53e44ef\" data-element_type=\"widget\" data-widget_type=\"spacer.default\">\n\t\t\t\t<div class=\"elementor-widget-container\">\n\t\t\t\t\t\t\t<div class=\"elementor-spacer\">\n\t\t\t<div class=\"elementor-spacer-inner\"><\/div>\n\t\t<\/div>\n\t\t\t\t\t\t<\/div>\n\t\t\t\t<\/div>\n\t\t\t\t\t<\/div>\n\t\t<\/div>\n\t\t\t\t\t<\/div>\n\t\t<\/section>\n\t\t\t\t<section class=\"elementor-section elementor-top-section elementor-element elementor-element-41542a0 elementor-section-stretched elementor-section-boxed elementor-section-height-default elementor-section-height-default\" data-id=\"41542a0\" data-element_type=\"section\" data-settings=\"{&quot;stretch_section&quot;:&quot;section-stretched&quot;}\">\n\t\t\t\t\t\t<div class=\"elementor-container elementor-column-gap-default\">\n\t\t\t\t\t<div class=\"elementor-column elementor-col-100 elementor-top-column elementor-element elementor-element-b229bff\" data-id=\"b229bff\" data-element_type=\"column\">\n\t\t\t<div class=\"elementor-widget-wrap elementor-element-populated\">\n\t\t\t\t\t\t<div class=\"elementor-element elementor-element-6b0766e elementor-widget elementor-widget-spacer\" data-id=\"6b0766e\" data-element_type=\"widget\" data-widget_type=\"spacer.default\">\n\t\t\t\t<div class=\"elementor-widget-container\">\n\t\t\t\t\t\t\t<div class=\"elementor-spacer\">\n\t\t\t<div class=\"elementor-spacer-inner\"><\/div>\n\t\t<\/div>\n\t\t\t\t\t\t<\/div>\n\t\t\t\t<\/div>\n\t\t\t\t\t<\/div>\n\t\t<\/div>\n\t\t\t\t\t<\/div>\n\t\t<\/section>\n\t\t\t\t<\/div>\n\t\t","protected":false},"excerpt":{"rendered":"<p>Formulaire de demande du droit d&rsquo;acc\u00e9s Ce formulaire vous permet d\u2019exercer votre droit d\u2019acc\u00e8s dans le cadre de la \u00a0Loi\u00a0organique num\u00e9ro 63 en date du 27 juillet\u00a02004\u00a0portant sur la\u00a0protection des donn\u00e9es\u00a0\u00e0 caract\u00e8re personnel (RGPD). Pour qu\u2019on puisse vous r\u00e9pondre dans les meilleurs, nous vous demandons de justifier votre identit\u00e9. Veuillez joindre une copie de votre [&hellip;]<\/p>\n","protected":false},"author":1,"featured_media":0,"parent":0,"menu_order":0,"comment_status":"closed","ping_status":"closed","template":"","meta":{"footnotes":""},"class_list":["post-14078","page","type-page","status-publish","hentry"],"yoast_head":"<!-- This site is optimized with the Yoast SEO plugin v27.1.1 - https:\/\/yoast.com\/product\/yoast-seo-wordpress\/ -->\n<title>Relead | Formulaire d&#039;acc\u00e9s<\/title>\n<meta name=\"robots\" content=\"index, follow, max-snippet:-1, max-image-preview:large, max-video-preview:-1\" \/>\n<link rel=\"canonical\" href=\"https:\/\/relead.tn\/en\/formulaire-dacces\/\" \/>\n<meta property=\"og:locale\" content=\"en_GB\" \/>\n<meta property=\"og:type\" content=\"article\" \/>\n<meta property=\"og:title\" content=\"Relead | Formulaire d&#039;acc\u00e9s\" \/>\n<meta property=\"og:description\" content=\"Formulaire de demande du droit d&rsquo;acc\u00e9s Ce formulaire vous permet d\u2019exercer votre droit d\u2019acc\u00e8s dans le cadre de la \u00a0Loi\u00a0organique num\u00e9ro 63 en date du 27 juillet\u00a02004\u00a0portant sur la\u00a0protection des donn\u00e9es\u00a0\u00e0 caract\u00e8re personnel (RGPD). Pour qu\u2019on puisse vous r\u00e9pondre dans les meilleurs, nous vous demandons de justifier votre identit\u00e9. Veuillez joindre une copie de votre [&hellip;]\" \/>\n<meta property=\"og:url\" content=\"https:\/\/relead.tn\/en\/formulaire-dacces\/\" \/>\n<meta property=\"og:site_name\" content=\"Relead\" \/>\n<meta property=\"article:publisher\" content=\"https:\/\/www.facebook.com\/Relead.ads\" \/>\n<meta property=\"article:modified_time\" content=\"2026-01-12T19:00:22+00:00\" \/>\n<meta name=\"twitter:card\" content=\"summary_large_image\" \/>\n<meta name=\"twitter:label1\" content=\"Estimated reading time\" \/>\n\t<meta name=\"twitter:data1\" content=\"4 minutes\" \/>\n<script type=\"application\/ld+json\" class=\"yoast-schema-graph\">{\"@context\":\"https:\/\/schema.org\",\"@graph\":[{\"@type\":\"WebPage\",\"@id\":\"https:\/\/relead.tn\/formulaire-dacces\/\",\"url\":\"https:\/\/relead.tn\/formulaire-dacces\/\",\"name\":\"Relead | Formulaire d'acc\u00e9s\",\"isPartOf\":{\"@id\":\"https:\/\/relead.tn\/#website\"},\"datePublished\":\"2023-11-01T11:43:21+00:00\",\"dateModified\":\"2026-01-12T19:00:22+00:00\",\"breadcrumb\":{\"@id\":\"https:\/\/relead.tn\/formulaire-dacces\/#breadcrumb\"},\"inLanguage\":\"en-GB\",\"potentialAction\":[{\"@type\":\"ReadAction\",\"target\":[\"https:\/\/relead.tn\/formulaire-dacces\/\"]}]},{\"@type\":\"BreadcrumbList\",\"@id\":\"https:\/\/relead.tn\/formulaire-dacces\/#breadcrumb\",\"itemListElement\":[{\"@type\":\"ListItem\",\"position\":1,\"name\":\"Accueil\",\"item\":\"https:\/\/relead.tn\/\"},{\"@type\":\"ListItem\",\"position\":2,\"name\":\"Formulaire d&rsquo;acc\u00e9s\"}]},{\"@type\":\"WebSite\",\"@id\":\"https:\/\/relead.tn\/#website\",\"url\":\"https:\/\/relead.tn\/\",\"name\":\"Relead\",\"description\":\"Publicit\u00e9 Wi-Fi - Ciblez la bonne audience avec Relead\",\"publisher\":{\"@id\":\"https:\/\/relead.tn\/#organization\"},\"potentialAction\":[{\"@type\":\"SearchAction\",\"target\":{\"@type\":\"EntryPoint\",\"urlTemplate\":\"https:\/\/relead.tn\/?s={search_term_string}\"},\"query-input\":{\"@type\":\"PropertyValueSpecification\",\"valueRequired\":true,\"valueName\":\"search_term_string\"}}],\"inLanguage\":\"en-GB\"},{\"@type\":\"Organization\",\"@id\":\"https:\/\/relead.tn\/#organization\",\"name\":\"Relead\",\"url\":\"https:\/\/relead.tn\/\",\"logo\":{\"@type\":\"ImageObject\",\"inLanguage\":\"en-GB\",\"@id\":\"https:\/\/relead.tn\/#\/schema\/logo\/image\/\",\"url\":\"https:\/\/relead.tn\/wp-content\/uploads\/2021\/09\/logo-relead-aligned.png\",\"contentUrl\":\"https:\/\/relead.tn\/wp-content\/uploads\/2021\/09\/logo-relead-aligned.png\",\"width\":284,\"height\":80,\"caption\":\"Relead\"},\"image\":{\"@id\":\"https:\/\/relead.tn\/#\/schema\/logo\/image\/\"},\"sameAs\":[\"https:\/\/www.facebook.com\/Relead.ads\",\"https:\/\/www.instagram.com\/relead.ads\/\",\"https:\/\/www.linkedin.com\/company\/relead-ads\/\"]}]}<\/script>\n<!-- \/ Yoast SEO plugin. -->","yoast_head_json":{"title":"Relead | Formulaire d'acc\u00e9s","robots":{"index":"index","follow":"follow","max-snippet":"max-snippet:-1","max-image-preview":"max-image-preview:large","max-video-preview":"max-video-preview:-1"},"canonical":"https:\/\/relead.tn\/en\/formulaire-dacces\/","og_locale":"en_GB","og_type":"article","og_title":"Relead | Formulaire d'acc\u00e9s","og_description":"Formulaire de demande du droit d&rsquo;acc\u00e9s Ce formulaire vous permet d\u2019exercer votre droit d\u2019acc\u00e8s dans le cadre de la \u00a0Loi\u00a0organique num\u00e9ro 63 en date du 27 juillet\u00a02004\u00a0portant sur la\u00a0protection des donn\u00e9es\u00a0\u00e0 caract\u00e8re personnel (RGPD). Pour qu\u2019on puisse vous r\u00e9pondre dans les meilleurs, nous vous demandons de justifier votre identit\u00e9. Veuillez joindre une copie de votre [&hellip;]","og_url":"https:\/\/relead.tn\/en\/formulaire-dacces\/","og_site_name":"Relead","article_publisher":"https:\/\/www.facebook.com\/Relead.ads","article_modified_time":"2026-01-12T19:00:22+00:00","twitter_card":"summary_large_image","twitter_misc":{"Estimated reading time":"4 minutes"},"schema":{"@context":"https:\/\/schema.org","@graph":[{"@type":"WebPage","@id":"https:\/\/relead.tn\/formulaire-dacces\/","url":"https:\/\/relead.tn\/formulaire-dacces\/","name":"Relead | Formulaire d'acc\u00e9s","isPartOf":{"@id":"https:\/\/relead.tn\/#website"},"datePublished":"2023-11-01T11:43:21+00:00","dateModified":"2026-01-12T19:00:22+00:00","breadcrumb":{"@id":"https:\/\/relead.tn\/formulaire-dacces\/#breadcrumb"},"inLanguage":"en-GB","potentialAction":[{"@type":"ReadAction","target":["https:\/\/relead.tn\/formulaire-dacces\/"]}]},{"@type":"BreadcrumbList","@id":"https:\/\/relead.tn\/formulaire-dacces\/#breadcrumb","itemListElement":[{"@type":"ListItem","position":1,"name":"Accueil","item":"https:\/\/relead.tn\/"},{"@type":"ListItem","position":2,"name":"Formulaire d&rsquo;acc\u00e9s"}]},{"@type":"WebSite","@id":"https:\/\/relead.tn\/#website","url":"https:\/\/relead.tn\/","name":"Relead","description":"Publicit\u00e9 Wi-Fi - Ciblez la bonne audience avec Relead","publisher":{"@id":"https:\/\/relead.tn\/#organization"},"potentialAction":[{"@type":"SearchAction","target":{"@type":"EntryPoint","urlTemplate":"https:\/\/relead.tn\/?s={search_term_string}"},"query-input":{"@type":"PropertyValueSpecification","valueRequired":true,"valueName":"search_term_string"}}],"inLanguage":"en-GB"},{"@type":"Organization","@id":"https:\/\/relead.tn\/#organization","name":"Relead","url":"https:\/\/relead.tn\/","logo":{"@type":"ImageObject","inLanguage":"en-GB","@id":"https:\/\/relead.tn\/#\/schema\/logo\/image\/","url":"https:\/\/relead.tn\/wp-content\/uploads\/2021\/09\/logo-relead-aligned.png","contentUrl":"https:\/\/relead.tn\/wp-content\/uploads\/2021\/09\/logo-relead-aligned.png","width":284,"height":80,"caption":"Relead"},"image":{"@id":"https:\/\/relead.tn\/#\/schema\/logo\/image\/"},"sameAs":["https:\/\/www.facebook.com\/Relead.ads","https:\/\/www.instagram.com\/relead.ads\/","https:\/\/www.linkedin.com\/company\/relead-ads\/"]}]}},"_links":{"self":[{"href":"https:\/\/relead.tn\/en\/wp-json\/wp\/v2\/pages\/14078","targetHints":{"allow":["GET"]}}],"collection":[{"href":"https:\/\/relead.tn\/en\/wp-json\/wp\/v2\/pages"}],"about":[{"href":"https:\/\/relead.tn\/en\/wp-json\/wp\/v2\/types\/page"}],"author":[{"embeddable":true,"href":"https:\/\/relead.tn\/en\/wp-json\/wp\/v2\/users\/1"}],"replies":[{"embeddable":true,"href":"https:\/\/relead.tn\/en\/wp-json\/wp\/v2\/comments?post=14078"}],"version-history":[{"count":7,"href":"https:\/\/relead.tn\/en\/wp-json\/wp\/v2\/pages\/14078\/revisions"}],"predecessor-version":[{"id":17709,"href":"https:\/\/relead.tn\/en\/wp-json\/wp\/v2\/pages\/14078\/revisions\/17709"}],"wp:attachment":[{"href":"https:\/\/relead.tn\/en\/wp-json\/wp\/v2\/media?parent=14078"}],"curies":[{"name":"wp","href":"https:\/\/api.w.org\/{rel}","templated":true}]}}