{"id":14082,"date":"2023-11-01T12:44:37","date_gmt":"2023-11-01T11:44:37","guid":{"rendered":"https:\/\/relead.tn\/?page_id=14082"},"modified":"2025-08-18T16:17:45","modified_gmt":"2025-08-18T14:17:45","slug":"demande-dacces","status":"publish","type":"page","link":"https:\/\/relead.tn\/en\/demande-dacces\/","title":{"rendered":"Demande d\u2019acc\u00e8s"},"content":{"rendered":"<div data-elementor-type=\"wp-page\" data-elementor-id=\"14082\" class=\"elementor elementor-14082\">\n\t\t\t\t\t\t<section class=\"elementor-section elementor-top-section elementor-element elementor-element-48a2295 elementor-section-stretched elementor-section-boxed elementor-section-height-default elementor-section-height-default\" data-id=\"48a2295\" data-element_type=\"section\" data-settings=\"{&quot;stretch_section&quot;:&quot;section-stretched&quot;}\">\n\t\t\t\t\t\t<div class=\"elementor-container elementor-column-gap-default\">\n\t\t\t\t\t<div class=\"elementor-column elementor-col-100 elementor-top-column elementor-element elementor-element-5d4580c\" data-id=\"5d4580c\" data-element_type=\"column\">\n\t\t\t<div class=\"elementor-widget-wrap elementor-element-populated\">\n\t\t\t\t\t\t<div class=\"elementor-element elementor-element-aff4e97 elementor-widget__width-initial elementor-widget elementor-widget-heading\" data-id=\"aff4e97\" data-element_type=\"widget\" data-widget_type=\"heading.default\">\n\t\t\t\t<div class=\"elementor-widget-container\">\n\t\t\t\t\t<h2 class=\"elementor-heading-title elementor-size-default\">Request to Exercise the Right of Access<\/h2>\t\t\t\t<\/div>\n\t\t\t\t<\/div>\n\t\t\t\t\t<\/div>\n\t\t<\/div>\n\t\t\t\t\t<\/div>\n\t\t<\/section>\n\t\t\t\t<section class=\"elementor-section elementor-top-section elementor-element elementor-element-e89b866 elementor-section-stretched elementor-section-boxed elementor-section-height-default elementor-section-height-default\" data-id=\"e89b866\" data-element_type=\"section\" data-settings=\"{&quot;stretch_section&quot;:&quot;section-stretched&quot;}\">\n\t\t\t\t\t\t<div class=\"elementor-container elementor-column-gap-default\">\n\t\t\t\t\t<div class=\"elementor-column elementor-col-100 elementor-top-column elementor-element elementor-element-4f6898b\" data-id=\"4f6898b\" data-element_type=\"column\">\n\t\t\t<div class=\"elementor-widget-wrap elementor-element-populated\">\n\t\t\t\t\t\t<div class=\"elementor-element-custom_font_size elementor-element elementor-element-60ae674 elementor-widget elementor-widget-text-editor\" data-id=\"60ae674\" data-element_type=\"widget\" data-widget_type=\"text-editor.default\">\n\t\t\t\t<div class=\"elementor-widget-container\">\n\t\t\t\t\t\t\t\t\t<p>Organic Law No. 63 dated 27 July 2004 on the protection of personal data (GDPR equivalent):<\/p>\t\t\t\t\t\t\t\t<\/div>\n\t\t\t\t<\/div>\n\t\t\t\t<div class=\"elementor-element-custom_font_size elementor-element elementor-element-d5fa667 elementor-widget elementor-widget-text-editor\" data-id=\"d5fa667\" data-element_type=\"widget\" data-widget_type=\"text-editor.default\">\n\t\t\t\t<div class=\"elementor-widget-container\">\n\t\t\t\t\t\t\t\t\t<b><i>Art. 37.<\/i><\/b><i><span>\u00a0\u201cThe controller of automated processing of personal data and the processor must implement the necessary technical means to enable the data subject, their heirs, or their guardian to send, electronically, their request for rectification, modification, correction, or erasure of personal data.\u201d<\/span><\/i><\/br>\n\n<b><i>Art. 32.<\/i><\/b><i><span>\u00a0\u201cFor the purposes of this law, the right of access means the right of the data subject, their heirs, or their guardian to\u00a0<\/span><\/i><i>consult<\/i><i><span>\u00a0all personal data concerning them, as well as the right to\u00a0<\/span><\/i><i>correct, complete, rectify, update, modify, clarify or delete<\/i><i><span>when it is found to be inaccurate, ambiguous, or its processing is prohibited. The right of access also includes the right to obtain a copy of the data in clear language and in a form consistent with the content of the records, and in an intelligible format when processed by automated means.\u201d<\/span><\/i><\/br>\n\n<b><i>Art. 40.<\/i><\/b><i><span>\u00a0\u201cThe data subject, their heirs, or their guardian may request to\u00a0<\/span><\/i><i>rectify <\/i><b><i>l<\/i><\/b><i><span>personal data concerning them<\/span><\/i><i>complete it, modify it, clarify it, update it, or delete it<\/i><i><span>when it is inaccurate, incomplete, or ambiguous, or request its destruction when its collection or use has been carried out in violation of this law. They may also request, free of charge and after completing the required procedures, the provision of a copy of the personal data and indicate what has not been achieved regarding such data. In this case, the controller or processor must provide a copy of the requested data within a period not exceeding one month from the date the request is submitted. In the event of an explicit or implicit refusal of the request, the Authority may be seized within a period not exceeding one month from the expiry of the aforementioned deadline.\u201d<\/span><\/i><\/br>\n\n<b><i>Art. 11.<span>\u00a0<\/span><\/i><\/b><i><span>\u201cThe controller must also ensure that such data is accurate, precise, and up-to-date.\u201d<\/span><\/i><\/br>\n\n<b><i>Art. 34.<span>\u00a0<\/span><\/i><\/b><i><span>\u00ab<\/span><\/i><b><i>\u00a0<span>\u00a0<\/span><\/i><\/b><i><span>\u201cThe right of access is exercised by the data subject, their heirs, or their guardian at reasonable intervals and in a non-excessive manner.\u201d<\/span><\/i><\/br>\n\n<b><i>Art. 36.<\/i><\/b><span>\u00a0<\/span><i><span>\u201cWhen there are several controllers of the personal data or when the processing is carried out by a processor, the right of access is exercised with each of them.\u201d<\/span><\/i>\n\n \t<li><span>The right of rectification allows you to correct inaccurate data concerning you (incorrect age or address) or to complete data (address without the apartment number) in relation to the purpose of the processing.<\/span><\/li>\n \t<li><i><span>The right of access allows you to obtain a copy of the data in clear language, consistent with the content of the records, and in an intelligible form when processed by automated means.<\/span><\/i><\/li>\n \t<li><span>The\u00a0<\/span><span>The law obliges\u00a0<\/span><span>the controller to communicate any corrections to other recipients of the data, unless such communication would require disproportionate effort.<\/span><\/li>\n \t<li><span>Processing your personal data despite your opposition is punishable by one year\u2019s imprisonment and a fine of 5,000 dinars.<\/span><\/li>\n\t\t\t\t\t\t\t\t<\/div>\n\t\t\t\t<\/div>\n\t\t\t\t\t<\/div>\n\t\t<\/div>\n\t\t\t\t\t<\/div>\n\t\t<\/section>\n\t\t\t\t<section class=\"elementor-section elementor-top-section elementor-element elementor-element-8b96d93 elementor-section-stretched elementor-section-boxed elementor-section-height-default elementor-section-height-default\" data-id=\"8b96d93\" data-element_type=\"section\" data-settings=\"{&quot;stretch_section&quot;:&quot;section-stretched&quot;}\">\n\t\t\t\t\t\t<div class=\"elementor-container elementor-column-gap-default\">\n\t\t\t\t\t<div class=\"elementor-column elementor-col-100 elementor-top-column elementor-element elementor-element-6f98ba4\" data-id=\"6f98ba4\" data-element_type=\"column\">\n\t\t\t<div class=\"elementor-widget-wrap elementor-element-populated\">\n\t\t\t\t\t\t<div class=\"elementor-element elementor-element-7f372f3 elementor-widget elementor-widget-heading\" data-id=\"7f372f3\" data-element_type=\"widget\" data-widget_type=\"heading.default\">\n\t\t\t\t<div class=\"elementor-widget-container\">\n\t\t\t\t\t<h2 class=\"elementor-heading-title elementor-size-default\">What You Can Do\n<\/h2>\t\t\t\t<\/div>\n\t\t\t\t<\/div>\n\t\t\t\t<div class=\"elementor-element-custom_font_size elementor-element elementor-element-bd37c00 elementor-widget elementor-widget-text-editor\" data-id=\"bd37c00\" data-element_type=\"widget\" data-widget_type=\"text-editor.default\">\n\t\t\t\t<div class=\"elementor-widget-container\">\n\t\t\t\t\t\t\t\t\t<span>Send a letter or email to the data controller of the company.<\/span>\n\n<span>You must prove your identity, for example by:<\/span>\n\n \t<li><span>Providing your customer or subscription number along with your name and address.<\/span><\/li>\n \t<li><span>Exercising your rights via an online account in which you have previously logged in (username and password).<\/span><\/li>\n\n<span>Only if the company has doubts about your identity may it request additional information, including a copy of an identity document.<\/span>\n\n<span>Keep a copy of your request (letter, screenshot, etc.). Request an acknowledgment of receipt to prove the date it was made.<\/span>\n\n<span>You should receive a response within one month. This period may be extended by one additional month (to a total of two months) if the request is complex, but the company must justify the extension.<\/span>\n\n<span>Silence for more than the allowed period is considered a refusal, unless an extension is justified.<\/span>\n\n<span>If you receive no response within the allotted time, an incomplete response, or a refusal, you may lodge a complaint with the INPDP in accordance with Art. 38:\u00a0\u00a0<\/span><i><span>\u201cIf the controller or processor refuses to allow the data subject, their heirs, or their guardian to consult the requested personal data, delays access to such data, or refuses to provide them with a copy of the data, the data subject, their heirs, or their guardian may submit a request to the Authority\u00a0<\/span><\/i><i>within a maximum period of one month from the date of refusal.\u201d<\/i><i>\u00a0\u00bb<\/i>\n\n \t<li><span>Emailed to: inpdp@inpdp.nat.tn<\/span><\/li>\n \t<li><span>Faxed to:<\/span><span>\u00a071 799 823<\/span><\/li>\n \t<li><span>Mailed to: 1, Rue Mohamed Moalla, 1002, Mutuelleville, Tunis B.P. 525.<\/span><\/li>\n\n<span>The Authority must issue its decision within one month from the date it is seized.<\/span>\t\t\t\t\t\t\t\t<\/div>\n\t\t\t\t<\/div>\n\t\t\t\t\t<\/div>\n\t\t<\/div>\n\t\t\t\t\t<\/div>\n\t\t<\/section>\n\t\t\t\t<section class=\"elementor-section elementor-top-section elementor-element elementor-element-ebd983c elementor-section-stretched elementor-section-boxed elementor-section-height-default elementor-section-height-default\" data-id=\"ebd983c\" data-element_type=\"section\" data-settings=\"{&quot;stretch_section&quot;:&quot;section-stretched&quot;}\">\n\t\t\t\t\t\t<div class=\"elementor-container elementor-column-gap-default\">\n\t\t\t\t\t<div class=\"elementor-column elementor-col-100 elementor-top-column elementor-element elementor-element-1828b02\" data-id=\"1828b02\" data-element_type=\"column\">\n\t\t\t<div class=\"elementor-widget-wrap elementor-element-populated\">\n\t\t\t\t\t\t<div class=\"elementor-element-custom_font_size elementor-element elementor-element-0255d50 elementor-widget elementor-widget-text-editor\" data-id=\"0255d50\" data-element_type=\"widget\" data-widget_type=\"text-editor.default\">\n\t\t\t\t<div class=\"elementor-widget-container\">\n\t\t\t\t\t\t\t\t\t<p><i><span>\u201cThe Authority, after hearing both parties and carrying out the necessary investigations, may order the consultation of the requested information or the provision of a copy of such information, or uphold the refusal, within a period not exceeding one month from the date it is seized. The data subject, their heirs, or their guardian may also request the Authority to take all necessary measures to prevent the destruction or concealment of personal data. The Authority must rule on the request within seven days from the date it is filed. Destruction or concealment of this data is prohibited from the moment the request is filed.\u201d<\/span><\/i><\/p>\t\t\t\t\t\t\t\t<\/div>\n\t\t\t\t<\/div>\n\t\t\t\t\t<\/div>\n\t\t<\/div>\n\t\t\t\t\t<\/div>\n\t\t<\/section>\n\t\t\t\t<section class=\"elementor-section elementor-top-section elementor-element elementor-element-01a56b1 elementor-section-stretched elementor-section-boxed elementor-section-height-default elementor-section-height-default\" data-id=\"01a56b1\" data-element_type=\"section\" data-settings=\"{&quot;stretch_section&quot;:&quot;section-stretched&quot;}\">\n\t\t\t\t\t\t<div class=\"elementor-container elementor-column-gap-default\">\n\t\t\t\t\t<div class=\"elementor-column elementor-col-100 elementor-top-column elementor-element elementor-element-a211e3a\" data-id=\"a211e3a\" data-element_type=\"column\">\n\t\t\t<div class=\"elementor-widget-wrap elementor-element-populated\">\n\t\t\t\t\t\t<div class=\"elementor-element-custom_font_size elementor-element elementor-element-8706144 elementor-widget elementor-widget-text-editor\" data-id=\"8706144\" data-element_type=\"widget\" data-widget_type=\"text-editor.default\">\n\t\t\t\t<div class=\"elementor-widget-container\">\n\t\t\t\t\t\t\t\t\t<p><b>Note:<\/b><\/p><p><span>Le mod\u00e8le de demande d\u2019exercice du droit d\u2019acc\u00e8s que nous mettons \u00e0 votre disposition a \u00e9t\u00e9 r\u00e9dig\u00e9 \u00e0 titre d\u2019exemple.<\/span><\/p><p>Limiting the right of access<span>of the data subject, their heirs, or their guardian is only possible in the following cases:\u00a0<\/span><\/p><ul><li aria-level=\"1\"><span>When data processing is carried out for scientific purposes and affects the data subject\u2019s privacy only in a limited way.\u00a0<\/span><\/li><li aria-level=\"1\"><span>When the limitation of the right of access is intended to protect the data subject or third parties.<\/span><\/li><\/ul><p><b>Attention :<\/b><span> Le mod\u00e8le de demande d\u2019exercice du droit d\u2019acc\u00e8s n\u2019a pas vocation \u00e0 se substituer \u00e0 des conseils personnalis\u00e9s qui pourraient vous \u00eatre fournis. Il a pour objet de vous proposer une argumentation que vous jugez pertinente au regard de votre situation.<\/span><\/p>\t\t\t\t\t\t\t\t<\/div>\n\t\t\t\t<\/div>\n\t\t\t\t\t<\/div>\n\t\t<\/div>\n\t\t\t\t\t<\/div>\n\t\t<\/section>\n\t\t\t\t<section class=\"elementor-section elementor-top-section elementor-element elementor-element-150429f elementor-section-stretched elementor-section-boxed elementor-section-height-default elementor-section-height-default\" data-id=\"150429f\" data-element_type=\"section\" data-settings=\"{&quot;stretch_section&quot;:&quot;section-stretched&quot;}\">\n\t\t\t\t\t\t<div class=\"elementor-container elementor-column-gap-default\">\n\t\t\t\t\t<div class=\"elementor-column elementor-col-100 elementor-top-column elementor-element elementor-element-33600e6\" data-id=\"33600e6\" data-element_type=\"column\">\n\t\t\t<div class=\"elementor-widget-wrap elementor-element-populated\">\n\t\t\t\t\t\t<div class=\"elementor-element elementor-element-bfb6bce elementor-widget elementor-widget-spacer\" data-id=\"bfb6bce\" data-element_type=\"widget\" data-widget_type=\"spacer.default\">\n\t\t\t\t<div class=\"elementor-widget-container\">\n\t\t\t\t\t\t\t<div class=\"elementor-spacer\">\n\t\t\t<div class=\"elementor-spacer-inner\"><\/div>\n\t\t<\/div>\n\t\t\t\t\t\t<\/div>\n\t\t\t\t<\/div>\n\t\t\t\t\t<\/div>\n\t\t<\/div>\n\t\t\t\t\t<\/div>\n\t\t<\/section>\n\t\t\t\t<\/div>","protected":false},"excerpt":{"rendered":"<p>Demande d\u2019exercice du droit d\u2019acc\u00e8s La Loi organique num\u00e9ro 63 en date du 27 juillet 2004 portant sur la protection des donn\u00e9es \u00e0 caract\u00e8re personnel (RGPD): Art. 37.\u00a0\u00ab\u00a0Le responsable du traitement automatis\u00e9 des donn\u00e9es \u00e0 caract\u00e8re personnel et le sous-traitant doivent mettre en \u0153uvre les moyens techniques n\u00e9cessaires pour permettre \u00e0 la personne concern\u00e9e, \u00e0 [&hellip;]<\/p>\n","protected":false},"author":1,"featured_media":0,"parent":0,"menu_order":0,"comment_status":"closed","ping_status":"closed","template":"","meta":{"footnotes":""},"class_list":["post-14082","page","type-page","status-publish","hentry"],"yoast_head":"<!-- This site is optimized with the Yoast SEO plugin v27.1.1 - https:\/\/yoast.com\/product\/yoast-seo-wordpress\/ -->\n<title>Demande d\u2019acc\u00e8s - Relead<\/title>\n<meta name=\"robots\" content=\"index, follow, max-snippet:-1, max-image-preview:large, max-video-preview:-1\" \/>\n<link rel=\"canonical\" href=\"https:\/\/relead.tn\/en\/demande-dacces\/\" \/>\n<meta property=\"og:locale\" content=\"en_GB\" \/>\n<meta property=\"og:type\" content=\"article\" \/>\n<meta property=\"og:title\" content=\"Demande d\u2019acc\u00e8s - Relead\" \/>\n<meta property=\"og:description\" content=\"Demande d\u2019exercice du droit d\u2019acc\u00e8s La Loi organique num\u00e9ro 63 en date du 27 juillet 2004 portant sur la protection des donn\u00e9es \u00e0 caract\u00e8re personnel (RGPD): Art. 37.\u00a0\u00ab\u00a0Le responsable du traitement automatis\u00e9 des donn\u00e9es \u00e0 caract\u00e8re personnel et le sous-traitant doivent mettre en \u0153uvre les moyens techniques n\u00e9cessaires pour permettre \u00e0 la personne concern\u00e9e, \u00e0 [&hellip;]\" \/>\n<meta property=\"og:url\" content=\"https:\/\/relead.tn\/en\/demande-dacces\/\" \/>\n<meta property=\"og:site_name\" content=\"Relead\" \/>\n<meta property=\"article:publisher\" content=\"https:\/\/www.facebook.com\/Relead.ads\" \/>\n<meta property=\"article:modified_time\" content=\"2025-08-18T14:17:45+00:00\" \/>\n<meta name=\"twitter:card\" content=\"summary_large_image\" \/>\n<meta name=\"twitter:label1\" content=\"Estimated reading time\" \/>\n\t<meta name=\"twitter:data1\" content=\"6 minutes\" \/>\n<script type=\"application\/ld+json\" class=\"yoast-schema-graph\">{\"@context\":\"https:\/\/schema.org\",\"@graph\":[{\"@type\":\"WebPage\",\"@id\":\"https:\/\/relead.tn\/demande-dacces\/\",\"url\":\"https:\/\/relead.tn\/demande-dacces\/\",\"name\":\"Demande d\u2019acc\u00e8s - Relead\",\"isPartOf\":{\"@id\":\"https:\/\/relead.tn\/#website\"},\"datePublished\":\"2023-11-01T11:44:37+00:00\",\"dateModified\":\"2025-08-18T14:17:45+00:00\",\"breadcrumb\":{\"@id\":\"https:\/\/relead.tn\/demande-dacces\/#breadcrumb\"},\"inLanguage\":\"en-GB\",\"potentialAction\":[{\"@type\":\"ReadAction\",\"target\":[\"https:\/\/relead.tn\/demande-dacces\/\"]}]},{\"@type\":\"BreadcrumbList\",\"@id\":\"https:\/\/relead.tn\/demande-dacces\/#breadcrumb\",\"itemListElement\":[{\"@type\":\"ListItem\",\"position\":1,\"name\":\"Accueil\",\"item\":\"https:\/\/relead.tn\/\"},{\"@type\":\"ListItem\",\"position\":2,\"name\":\"Demande d\u2019acc\u00e8s\"}]},{\"@type\":\"WebSite\",\"@id\":\"https:\/\/relead.tn\/#website\",\"url\":\"https:\/\/relead.tn\/\",\"name\":\"Relead\",\"description\":\"Publicit\u00e9 Wi-Fi - Ciblez la bonne audience avec Relead\",\"publisher\":{\"@id\":\"https:\/\/relead.tn\/#organization\"},\"potentialAction\":[{\"@type\":\"SearchAction\",\"target\":{\"@type\":\"EntryPoint\",\"urlTemplate\":\"https:\/\/relead.tn\/?s={search_term_string}\"},\"query-input\":{\"@type\":\"PropertyValueSpecification\",\"valueRequired\":true,\"valueName\":\"search_term_string\"}}],\"inLanguage\":\"en-GB\"},{\"@type\":\"Organization\",\"@id\":\"https:\/\/relead.tn\/#organization\",\"name\":\"Relead\",\"url\":\"https:\/\/relead.tn\/\",\"logo\":{\"@type\":\"ImageObject\",\"inLanguage\":\"en-GB\",\"@id\":\"https:\/\/relead.tn\/#\/schema\/logo\/image\/\",\"url\":\"https:\/\/relead.tn\/wp-content\/uploads\/2021\/09\/logo-relead-aligned.png\",\"contentUrl\":\"https:\/\/relead.tn\/wp-content\/uploads\/2021\/09\/logo-relead-aligned.png\",\"width\":284,\"height\":80,\"caption\":\"Relead\"},\"image\":{\"@id\":\"https:\/\/relead.tn\/#\/schema\/logo\/image\/\"},\"sameAs\":[\"https:\/\/www.facebook.com\/Relead.ads\",\"https:\/\/www.instagram.com\/relead.ads\/\",\"https:\/\/www.linkedin.com\/company\/relead-ads\/\"]}]}<\/script>\n<!-- \/ Yoast SEO plugin. -->","yoast_head_json":{"title":"Demande d\u2019acc\u00e8s - Relead","robots":{"index":"index","follow":"follow","max-snippet":"max-snippet:-1","max-image-preview":"max-image-preview:large","max-video-preview":"max-video-preview:-1"},"canonical":"https:\/\/relead.tn\/en\/demande-dacces\/","og_locale":"en_GB","og_type":"article","og_title":"Demande d\u2019acc\u00e8s - Relead","og_description":"Demande d\u2019exercice du droit d\u2019acc\u00e8s La Loi organique num\u00e9ro 63 en date du 27 juillet 2004 portant sur la protection des donn\u00e9es \u00e0 caract\u00e8re personnel (RGPD): Art. 37.\u00a0\u00ab\u00a0Le responsable du traitement automatis\u00e9 des donn\u00e9es \u00e0 caract\u00e8re personnel et le sous-traitant doivent mettre en \u0153uvre les moyens techniques n\u00e9cessaires pour permettre \u00e0 la personne concern\u00e9e, \u00e0 [&hellip;]","og_url":"https:\/\/relead.tn\/en\/demande-dacces\/","og_site_name":"Relead","article_publisher":"https:\/\/www.facebook.com\/Relead.ads","article_modified_time":"2025-08-18T14:17:45+00:00","twitter_card":"summary_large_image","twitter_misc":{"Estimated reading time":"6 minutes"},"schema":{"@context":"https:\/\/schema.org","@graph":[{"@type":"WebPage","@id":"https:\/\/relead.tn\/demande-dacces\/","url":"https:\/\/relead.tn\/demande-dacces\/","name":"Demande d\u2019acc\u00e8s - Relead","isPartOf":{"@id":"https:\/\/relead.tn\/#website"},"datePublished":"2023-11-01T11:44:37+00:00","dateModified":"2025-08-18T14:17:45+00:00","breadcrumb":{"@id":"https:\/\/relead.tn\/demande-dacces\/#breadcrumb"},"inLanguage":"en-GB","potentialAction":[{"@type":"ReadAction","target":["https:\/\/relead.tn\/demande-dacces\/"]}]},{"@type":"BreadcrumbList","@id":"https:\/\/relead.tn\/demande-dacces\/#breadcrumb","itemListElement":[{"@type":"ListItem","position":1,"name":"Accueil","item":"https:\/\/relead.tn\/"},{"@type":"ListItem","position":2,"name":"Demande d\u2019acc\u00e8s"}]},{"@type":"WebSite","@id":"https:\/\/relead.tn\/#website","url":"https:\/\/relead.tn\/","name":"Relead","description":"Publicit\u00e9 Wi-Fi - Ciblez la bonne audience avec Relead","publisher":{"@id":"https:\/\/relead.tn\/#organization"},"potentialAction":[{"@type":"SearchAction","target":{"@type":"EntryPoint","urlTemplate":"https:\/\/relead.tn\/?s={search_term_string}"},"query-input":{"@type":"PropertyValueSpecification","valueRequired":true,"valueName":"search_term_string"}}],"inLanguage":"en-GB"},{"@type":"Organization","@id":"https:\/\/relead.tn\/#organization","name":"Relead","url":"https:\/\/relead.tn\/","logo":{"@type":"ImageObject","inLanguage":"en-GB","@id":"https:\/\/relead.tn\/#\/schema\/logo\/image\/","url":"https:\/\/relead.tn\/wp-content\/uploads\/2021\/09\/logo-relead-aligned.png","contentUrl":"https:\/\/relead.tn\/wp-content\/uploads\/2021\/09\/logo-relead-aligned.png","width":284,"height":80,"caption":"Relead"},"image":{"@id":"https:\/\/relead.tn\/#\/schema\/logo\/image\/"},"sameAs":["https:\/\/www.facebook.com\/Relead.ads","https:\/\/www.instagram.com\/relead.ads\/","https:\/\/www.linkedin.com\/company\/relead-ads\/"]}]}},"_links":{"self":[{"href":"https:\/\/relead.tn\/en\/wp-json\/wp\/v2\/pages\/14082","targetHints":{"allow":["GET"]}}],"collection":[{"href":"https:\/\/relead.tn\/en\/wp-json\/wp\/v2\/pages"}],"about":[{"href":"https:\/\/relead.tn\/en\/wp-json\/wp\/v2\/types\/page"}],"author":[{"embeddable":true,"href":"https:\/\/relead.tn\/en\/wp-json\/wp\/v2\/users\/1"}],"replies":[{"embeddable":true,"href":"https:\/\/relead.tn\/en\/wp-json\/wp\/v2\/comments?post=14082"}],"version-history":[{"count":4,"href":"https:\/\/relead.tn\/en\/wp-json\/wp\/v2\/pages\/14082\/revisions"}],"predecessor-version":[{"id":17227,"href":"https:\/\/relead.tn\/en\/wp-json\/wp\/v2\/pages\/14082\/revisions\/17227"}],"wp:attachment":[{"href":"https:\/\/relead.tn\/en\/wp-json\/wp\/v2\/media?parent=14082"}],"curies":[{"name":"wp","href":"https:\/\/api.w.org\/{rel}","templated":true}]}}