{"id":14088,"date":"2023-11-01T12:50:09","date_gmt":"2023-11-01T11:50:09","guid":{"rendered":"https:\/\/relead.tn\/?page_id=14088"},"modified":"2026-01-12T19:54:45","modified_gmt":"2026-01-12T18:54:45","slug":"formulaire-de-demande-de-droit-a-leffacement-oubli-de-vos-donnees","status":"publish","type":"page","link":"https:\/\/relead.tn\/en\/formulaire-de-demande-de-droit-a-leffacement-oubli-de-vos-donnees\/","title":{"rendered":"Right to Erasure \/ Right to be Forgotten Request Form"},"content":{"rendered":"\t\t<div data-elementor-type=\"wp-page\" data-elementor-id=\"14088\" class=\"elementor elementor-14088\">\n\t\t\t\t\t\t<section class=\"elementor-section elementor-top-section elementor-element elementor-element-97ecf2e elementor-section-stretched elementor-section-boxed elementor-section-height-default elementor-section-height-default\" data-id=\"97ecf2e\" data-element_type=\"section\" data-settings=\"{&quot;stretch_section&quot;:&quot;section-stretched&quot;}\">\n\t\t\t\t\t\t<div class=\"elementor-container elementor-column-gap-default\">\n\t\t\t\t\t<div class=\"elementor-column elementor-col-100 elementor-top-column elementor-element elementor-element-0891927\" data-id=\"0891927\" data-element_type=\"column\">\n\t\t\t<div class=\"elementor-widget-wrap elementor-element-populated\">\n\t\t\t\t\t\t<div class=\"elementor-element elementor-element-1500a31 elementor-widget__width-initial elementor-widget elementor-widget-heading\" data-id=\"1500a31\" data-element_type=\"widget\" data-widget_type=\"heading.default\">\n\t\t\t\t<div class=\"elementor-widget-container\">\n\t\t\t\t\t<h2 class=\"elementor-heading-title elementor-size-default\">Formulaire de demande de droit \u00e0 l\u2019effacement\/oubli de vos donn\u00e9es<\/h2>\t\t\t\t<\/div>\n\t\t\t\t<\/div>\n\t\t\t\t\t<\/div>\n\t\t<\/div>\n\t\t\t\t\t<\/div>\n\t\t<\/section>\n\t\t\t\t<section class=\"elementor-section elementor-top-section elementor-element elementor-element-7dcde45 elementor-section-stretched elementor-section-boxed elementor-section-height-default elementor-section-height-default\" data-id=\"7dcde45\" data-element_type=\"section\" data-settings=\"{&quot;stretch_section&quot;:&quot;section-stretched&quot;}\">\n\t\t\t\t\t\t<div class=\"elementor-container elementor-column-gap-default\">\n\t\t\t\t\t<div class=\"elementor-column elementor-col-100 elementor-top-column elementor-element elementor-element-12135da\" data-id=\"12135da\" data-element_type=\"column\">\n\t\t\t<div class=\"elementor-widget-wrap elementor-element-populated\">\n\t\t\t\t\t\t<div class=\"elementor-element-custom_font_size elementor-element elementor-element-e06b9ff elementor-widget elementor-widget-text-editor\" data-id=\"e06b9ff\" data-element_type=\"widget\" data-widget_type=\"text-editor.default\">\n\t\t\t\t<div class=\"elementor-widget-container\">\n\t\t\t\t\t\t\t\t\t<section class=\"elementor-section elementor-top-section elementor-element elementor-element-0c7234e elementor-section-boxed elementor-section-height-default elementor-section-height-default\" data-id=\"0c7234e\" data-element_type=\"section\"><div class=\"elementor-container elementor-column-gap-default\"><div class=\"elementor-row\"><div class=\"elementor-column elementor-col-100 elementor-top-column elementor-element elementor-element-6dbbf91\" data-id=\"6dbbf91\" data-element_type=\"column\"><div class=\"elementor-column-wrap elementor-element-populated\"><div class=\"elementor-widget-wrap\"><div class=\"elementor-element elementor-element-4f48eb7 elementor-widget elementor-widget-text-editor\" data-id=\"4f48eb7\" data-element_type=\"widget\" data-widget_type=\"text-editor.default\"><div class=\"elementor-widget-container\"><div class=\"elementor-text-editor elementor-clearfix\"><p><span><br \/>Ce formulaire vous permet d\u2019exercer votre droit \u00e0 l\u2019effacement dans le cadre de la \u00a0Loi\u00a0organique num\u00e9ro 63 en date du 27 juillet\u00a02004\u00a0portant sur la\u00a0protection des donn\u00e9es\u00a0\u00e0 caract\u00e8re personnel (RGPD).<\/span><\/p><p><span>Pour qu\u2019on puisse vous r\u00e9pondre dans les meilleurs, nous vous demandons de justifier votre identit\u00e9. Veuillez joindre une copie de votre pi\u00e8ce d\u2019identit\u00e9 en cours de validit\u00e9 (carte d\u2019identit\u00e9 nationale (CIN), passeport ou carte de s\u00e9jour).<\/span><\/p><\/div><\/div><\/div><\/div><\/div><\/div><\/div><\/div><\/section><section class=\"elementor-section elementor-top-section elementor-element elementor-element-6afb932 elementor-hidden-tablet elementor-hidden-mobile elementor-section-boxed elementor-section-height-default elementor-section-height-default\" data-id=\"6afb932\" data-element_type=\"section\"><div class=\"elementor-container elementor-column-gap-default\"><div class=\"elementor-row\"><div class=\"elementor-column elementor-col-100 elementor-top-column elementor-element elementor-element-0485407\" data-id=\"0485407\" data-element_type=\"column\"><div class=\"elementor-column-wrap elementor-element-populated\"><div class=\"elementor-widget-wrap\"><div class=\"elementor-element elementor-element-525ee5c elementor-widget elementor-widget-shortcode\" data-id=\"525ee5c\" data-element_type=\"widget\" data-widget_type=\"shortcode.default\"><div class=\"elementor-widget-container\"><div class=\"elementor-shortcode\"><div id=\"wpcf7-f14162-p14163-o2\" class=\"wpcf7 js\" dir=\"ltr\" lang=\"fr-FR\"><div class=\"screen-reader-response\">\u00a0<\/div><form class=\"wpcf7-form init\" action=\"http:\/\/web.archive.org\/web\/20230327075413\/https:\/\/relead.tn\/formulaire-de-demande-de-droit-a-leffacement-oubli-des-donnees\/#wpcf7-f14162-p14163-o2\" method=\"post\" novalidate=\"novalidate\" aria-label=\"Formulaire de contact\" data-status=\"init\"><p>Demande d&rsquo;oubli de mes donn\u00e9es personnelles<\/p><p>R\u00e9f\u00e9rence : Loi organique num\u00e9ro 63 en date du 27 juillet 2004 portant sur la protection des donn\u00e9es \u00e0 caract\u00e8re personnel, Art. 40. \u00ab La personne concern\u00e9e, ses h\u00e9ritiers ou son tuteur, peut demander de rectifier les donn\u00e9es \u00e0 caract\u00e8re personnel la concernant, les compl\u00e9ter, les modifier, les clarifier, les mettre \u00e0 jour, les effacer lorsqu&rsquo;elles s&rsquo;av\u00e8rent inexactes, incompl\u00e8tes, ou ambigu\u00ebs, ou demander leur destruction lorsque leur collecte ou leur utilisation a \u00e9t\u00e9 effectu\u00e9e en violation de la pr\u00e9sente loi. Elle peut en outre demander, sans frais et apr\u00e8s l&rsquo;accomplissement des proc\u00e9dures requises, la d\u00e9livrance d&rsquo;une copie des donn\u00e9es \u00e0 caract\u00e8re personnel et indiquer ce qui n&rsquo;a pas \u00e9t\u00e9 r\u00e9alis\u00e9 en ce qui concerne ces donn\u00e9es. Dans ce cas, le responsable du traitement ou le sous-traitant doit lui d\u00e9livrer une copie des donn\u00e9es demand\u00e9es dans un d\u00e9lai ne d\u00e9passant pas un mois \u00e0 compter de la date de la pr\u00e9sentation de la demande. En cas de refus, explicite ou implicite, de la demande l&rsquo;Instance peut \u00eatre saisie dans un d\u00e9lai ne d\u00e9passant pas un mois \u00e0 partir de la date d&rsquo;expiration du d\u00e9lai mentionn\u00e9 au paragraphe pr\u00e9c\u00e9dent. \u00bb<\/p><\/form><\/div><\/div><\/div><\/div><\/div><\/div><\/div><\/div><\/div><\/section>\t\t\t\t\t\t\t\t<\/div>\n\t\t\t\t<\/div>\n\t\t\t\t\t<\/div>\n\t\t<\/div>\n\t\t\t\t\t<\/div>\n\t\t<\/section>\n\t\t\t\t<section class=\"elementor-section elementor-top-section elementor-element elementor-element-fc2f569 elementor-section-stretched elementor-section-boxed elementor-section-height-default elementor-section-height-default\" data-id=\"fc2f569\" data-element_type=\"section\" data-settings=\"{&quot;stretch_section&quot;:&quot;section-stretched&quot;}\">\n\t\t\t\t\t\t<div class=\"elementor-container elementor-column-gap-default\">\n\t\t\t\t\t<div class=\"elementor-column elementor-col-100 elementor-top-column elementor-element elementor-element-ea1ffb7\" data-id=\"ea1ffb7\" data-element_type=\"column\">\n\t\t\t<div class=\"elementor-widget-wrap elementor-element-populated\">\n\t\t\t\t\t\t<div class=\"elementor-element elementor-element-a3b6dc5 elementor-button-align-start elementor-widget elementor-widget-form\" data-id=\"a3b6dc5\" data-element_type=\"widget\" data-settings=\"{&quot;button_width&quot;:&quot;100&quot;,&quot;step_type&quot;:&quot;number_text&quot;,&quot;step_icon_shape&quot;:&quot;circle&quot;}\" data-widget_type=\"form.default\">\n\t\t\t\t<div class=\"elementor-widget-container\">\n\t\t\t\t\t\t\t<form class=\"elementor-form\" method=\"post\" name=\"formulaire de suppression\">\n\t\t\t<input type=\"hidden\" name=\"post_id\" value=\"14088\"\/>\n\t\t\t<input type=\"hidden\" name=\"form_id\" value=\"a3b6dc5\"\/>\n\t\t\t<input type=\"hidden\" name=\"referer_title\" value=\"Relead\" \/>\n\n\t\t\t\n\t\t\t<div class=\"elementor-form-fields-wrapper elementor-labels-above\">\n\t\t\t\t\t\t\t\t<div class=\"elementor-field-type-text elementor-field-group elementor-column elementor-field-group-name elementor-col-100 elementor-field-required\">\n\t\t\t\t\t\t\t\t\t\t\t\t<label for=\"form-field-name\" class=\"elementor-field-label\">\n\t\t\t\t\t\t\t\tVotre nom\t\t\t\t\t\t\t<\/label>\n\t\t\t\t\t\t\t\t\t\t\t\t\t\t<input size=\"1\" type=\"text\" name=\"form_fields[name]\" id=\"form-field-name\" class=\"elementor-field elementor-size-md  elementor-field-textual\" required=\"required\" aria-required=\"true\">\n\t\t\t\t\t\t\t\t\t\t\t<\/div>\n\t\t\t\t\t\t\t\t<div class=\"elementor-field-type-email elementor-field-group elementor-column elementor-field-group-email elementor-col-100 elementor-field-required\">\n\t\t\t\t\t\t\t\t\t\t\t\t<label for=\"form-field-email\" class=\"elementor-field-label\">\n\t\t\t\t\t\t\t\tVotre e-mail\t\t\t\t\t\t\t<\/label>\n\t\t\t\t\t\t\t\t\t\t\t\t\t\t<input size=\"1\" type=\"email\" name=\"form_fields[email]\" id=\"form-field-email\" class=\"elementor-field elementor-size-md  elementor-field-textual\" required=\"required\" aria-required=\"true\">\n\t\t\t\t\t\t\t\t\t\t\t<\/div>\n\t\t\t\t\t\t\t\t<div class=\"elementor-field-type-html elementor-field-group elementor-column elementor-field-group-message elementor-col-100\">\n\t\t\t\t\tObjet : Le droit de suppression ou l'oubli de mes donn\u00e9es personnelles.\n\t\t\t\t<\/div>\n\t\t\t\t\t\t\t\t<div class=\"elementor-field-type-text elementor-field-group elementor-column elementor-field-group-field_43de76f elementor-col-100 elementor-field-required\">\n\t\t\t\t\t\t\t\t\t\t\t\t<label for=\"form-field-field_43de76f\" class=\"elementor-field-label\">\n\t\t\t\t\t\t\t\tMadame, Monsieur, Par la pr\u00e9sente, et ce en application de l\u2019article 42 de la Loi organique num\u00e9ro 63 en date du 27 juillet 2004 portant sur la protection des donn\u00e9es \u00e0 caract\u00e8re personnel, (Pr\u00e9ciser la raison de la demande de suppression. Donn\u00e9es utilis\u00e9es \u00e0 des fins de prospection, donn\u00e9es qui ne sont plus n\u00e9cessaires \u00e0 l'entreprise, vous \u00eates oppos\u00e9 au traitement de vos donn\u00e9es, etc.) -je vous demande de supprimer de vos fichiers toutes les donn\u00e9es personnelles me concernant. -je vous demande de supprimer de vos fichiers les donn\u00e9es suivantes :\t\t\t\t\t\t\t<\/label>\n\t\t\t\t\t\t\t\t\t\t\t\t\t\t<input size=\"1\" type=\"text\" name=\"form_fields[field_43de76f]\" id=\"form-field-field_43de76f\" class=\"elementor-field elementor-size-md  elementor-field-textual\" required=\"required\" aria-required=\"true\">\n\t\t\t\t\t\t\t\t\t\t\t<\/div>\n\t\t\t\t\t\t\t\t<div class=\"elementor-field-type-html elementor-field-group elementor-column elementor-field-group-field_4d6ae72 elementor-col-100\">\n\t\t\t\t\tMerci de transmettre ma demande aux partenaires \u00e0 qui vous avez pu les communiquer.\nJe vous rappelle qu\u2019en vertu de l\u2019article 91 de la Loi 2004-63, tout traitement de mes donn\u00e9es effectu\u00e9 malgr\u00e9 mon opposition est puni d\u2019un an d\u2019emprisonnement et de cinq mille dinars d\u2019amende.\nFaute de r\u00e9ponse de votre part dans les d\u00e9lais, ou en cas de r\u00e9ponse incompl\u00e8te, je saisirai l\u2019INPDP.\nEn attendant que vous me confirmiez la suppression de mes donn\u00e9es personnelles, je vous prie d'agr\u00e9er, (Madame, Monsieur), l'expression de mes salutations distingu\u00e9es.\t\t\t\t<\/div>\n\t\t\t\t\t\t\t\t<div class=\"elementor-field-group elementor-column elementor-field-type-submit elementor-col-100 e-form__buttons\">\n\t\t\t\t\t<button type=\"submit\" class=\"elementor-button elementor-size-md\">\n\t\t\t\t\t\t<span >\n\t\t\t\t\t\t\t\t\t\t\t\t\t\t\t<span class=\" elementor-button-icon\">\n\t\t\t\t\t\t\t\t\t\t\t\t\t\t\t\t\t\t\t\t\t\t\t\t\t\t<\/span>\n\t\t\t\t\t\t\t\t\t\t\t\t\t\t\t\t\t\t\t\t\t\t<span class=\"elementor-button-text\">Envoyer<\/span>\n\t\t\t\t\t\t\t\t\t\t\t\t\t<\/span>\n\t\t\t\t\t<\/button>\n\t\t\t\t<\/div>\n\t\t\t<\/div>\n\t\t<\/form>\n\t\t\t\t\t\t<\/div>\n\t\t\t\t<\/div>\n\t\t\t\t\t<\/div>\n\t\t<\/div>\n\t\t\t\t\t<\/div>\n\t\t<\/section>\n\t\t\t\t<section class=\"elementor-section elementor-top-section elementor-element elementor-element-686038a elementor-section-stretched elementor-section-boxed elementor-section-height-default elementor-section-height-default\" data-id=\"686038a\" data-element_type=\"section\" data-settings=\"{&quot;stretch_section&quot;:&quot;section-stretched&quot;}\">\n\t\t\t\t\t\t<div class=\"elementor-container elementor-column-gap-default\">\n\t\t\t\t\t<div class=\"elementor-column elementor-col-100 elementor-top-column elementor-element elementor-element-5f85f8c\" data-id=\"5f85f8c\" data-element_type=\"column\">\n\t\t\t<div class=\"elementor-widget-wrap elementor-element-populated\">\n\t\t\t\t\t\t<div class=\"elementor-element elementor-element-d6ec6a5 elementor-widget elementor-widget-spacer\" data-id=\"d6ec6a5\" data-element_type=\"widget\" data-widget_type=\"spacer.default\">\n\t\t\t\t<div class=\"elementor-widget-container\">\n\t\t\t\t\t\t\t<div class=\"elementor-spacer\">\n\t\t\t<div class=\"elementor-spacer-inner\"><\/div>\n\t\t<\/div>\n\t\t\t\t\t\t<\/div>\n\t\t\t\t<\/div>\n\t\t\t\t\t<\/div>\n\t\t<\/div>\n\t\t\t\t\t<\/div>\n\t\t<\/section>\n\t\t\t\t<\/div>\n\t\t","protected":false},"excerpt":{"rendered":"<p>Formulaire de demande de droit \u00e0 l\u2019effacement\/oubli de vos donn\u00e9es Ce formulaire vous permet d\u2019exercer votre droit \u00e0 l\u2019effacement dans le cadre de la \u00a0Loi\u00a0organique num\u00e9ro 63 en date du 27 juillet\u00a02004\u00a0portant sur la\u00a0protection des donn\u00e9es\u00a0\u00e0 caract\u00e8re personnel (RGPD). Pour qu\u2019on puisse vous r\u00e9pondre dans les meilleurs, nous vous demandons de justifier votre identit\u00e9. Veuillez [&hellip;]<\/p>\n","protected":false},"author":1,"featured_media":0,"parent":0,"menu_order":0,"comment_status":"closed","ping_status":"closed","template":"","meta":{"footnotes":""},"class_list":["post-14088","page","type-page","status-publish","hentry"],"yoast_head":"<!-- This site is optimized with the Yoast SEO plugin v27.1.1 - https:\/\/yoast.com\/product\/yoast-seo-wordpress\/ -->\n<title>Relead | Formulaire de demande de droit \u00e0 l\u2019effacement\/oubli de vos donn\u00e9es<\/title>\n<meta name=\"robots\" content=\"index, follow, max-snippet:-1, max-image-preview:large, max-video-preview:-1\" \/>\n<link rel=\"canonical\" href=\"https:\/\/relead.tn\/en\/formulaire-de-demande-de-droit-a-leffacement-oubli-de-vos-donnees\/\" \/>\n<meta property=\"og:locale\" content=\"en_GB\" \/>\n<meta property=\"og:type\" content=\"article\" \/>\n<meta property=\"og:title\" content=\"Relead | Formulaire de demande de droit \u00e0 l\u2019effacement\/oubli de vos donn\u00e9es\" \/>\n<meta property=\"og:description\" content=\"Formulaire de demande de droit \u00e0 l\u2019effacement\/oubli de vos donn\u00e9es Ce formulaire vous permet d\u2019exercer votre droit \u00e0 l\u2019effacement dans le cadre de la \u00a0Loi\u00a0organique num\u00e9ro 63 en date du 27 juillet\u00a02004\u00a0portant sur la\u00a0protection des donn\u00e9es\u00a0\u00e0 caract\u00e8re personnel (RGPD). Pour qu\u2019on puisse vous r\u00e9pondre dans les meilleurs, nous vous demandons de justifier votre identit\u00e9. Veuillez [&hellip;]\" \/>\n<meta property=\"og:url\" content=\"https:\/\/relead.tn\/en\/formulaire-de-demande-de-droit-a-leffacement-oubli-de-vos-donnees\/\" \/>\n<meta property=\"og:site_name\" content=\"Relead\" \/>\n<meta property=\"article:publisher\" content=\"https:\/\/www.facebook.com\/Relead.ads\" \/>\n<meta property=\"article:modified_time\" content=\"2026-01-12T18:54:45+00:00\" \/>\n<meta name=\"twitter:card\" content=\"summary_large_image\" \/>\n<meta name=\"twitter:label1\" content=\"Estimated reading time\" \/>\n\t<meta name=\"twitter:data1\" content=\"2 minutes\" \/>\n<script type=\"application\/ld+json\" class=\"yoast-schema-graph\">{\"@context\":\"https:\/\/schema.org\",\"@graph\":[{\"@type\":\"WebPage\",\"@id\":\"https:\/\/relead.tn\/formulaire-de-demande-de-droit-a-leffacement-oubli-de-vos-donnees\/\",\"url\":\"https:\/\/relead.tn\/formulaire-de-demande-de-droit-a-leffacement-oubli-de-vos-donnees\/\",\"name\":\"Relead | Formulaire de demande de droit \u00e0 l\u2019effacement\/oubli de vos donn\u00e9es\",\"isPartOf\":{\"@id\":\"https:\/\/relead.tn\/#website\"},\"datePublished\":\"2023-11-01T11:50:09+00:00\",\"dateModified\":\"2026-01-12T18:54:45+00:00\",\"breadcrumb\":{\"@id\":\"https:\/\/relead.tn\/formulaire-de-demande-de-droit-a-leffacement-oubli-de-vos-donnees\/#breadcrumb\"},\"inLanguage\":\"en-GB\",\"potentialAction\":[{\"@type\":\"ReadAction\",\"target\":[\"https:\/\/relead.tn\/formulaire-de-demande-de-droit-a-leffacement-oubli-de-vos-donnees\/\"]}]},{\"@type\":\"BreadcrumbList\",\"@id\":\"https:\/\/relead.tn\/formulaire-de-demande-de-droit-a-leffacement-oubli-de-vos-donnees\/#breadcrumb\",\"itemListElement\":[{\"@type\":\"ListItem\",\"position\":1,\"name\":\"Accueil\",\"item\":\"https:\/\/relead.tn\/\"},{\"@type\":\"ListItem\",\"position\":2,\"name\":\"Formulaire de demande de droit \u00e0 l\u2019effacement\/oubli de vos donn\u00e9es\"}]},{\"@type\":\"WebSite\",\"@id\":\"https:\/\/relead.tn\/#website\",\"url\":\"https:\/\/relead.tn\/\",\"name\":\"Relead\",\"description\":\"Publicit\u00e9 Wi-Fi - Ciblez la bonne audience avec Relead\",\"publisher\":{\"@id\":\"https:\/\/relead.tn\/#organization\"},\"potentialAction\":[{\"@type\":\"SearchAction\",\"target\":{\"@type\":\"EntryPoint\",\"urlTemplate\":\"https:\/\/relead.tn\/?s={search_term_string}\"},\"query-input\":{\"@type\":\"PropertyValueSpecification\",\"valueRequired\":true,\"valueName\":\"search_term_string\"}}],\"inLanguage\":\"en-GB\"},{\"@type\":\"Organization\",\"@id\":\"https:\/\/relead.tn\/#organization\",\"name\":\"Relead\",\"url\":\"https:\/\/relead.tn\/\",\"logo\":{\"@type\":\"ImageObject\",\"inLanguage\":\"en-GB\",\"@id\":\"https:\/\/relead.tn\/#\/schema\/logo\/image\/\",\"url\":\"https:\/\/relead.tn\/wp-content\/uploads\/2021\/09\/logo-relead-aligned.png\",\"contentUrl\":\"https:\/\/relead.tn\/wp-content\/uploads\/2021\/09\/logo-relead-aligned.png\",\"width\":284,\"height\":80,\"caption\":\"Relead\"},\"image\":{\"@id\":\"https:\/\/relead.tn\/#\/schema\/logo\/image\/\"},\"sameAs\":[\"https:\/\/www.facebook.com\/Relead.ads\",\"https:\/\/www.instagram.com\/relead.ads\/\",\"https:\/\/www.linkedin.com\/company\/relead-ads\/\"]}]}<\/script>\n<!-- \/ Yoast SEO plugin. -->","yoast_head_json":{"title":"Relead | Formulaire de demande de droit \u00e0 l\u2019effacement\/oubli de vos donn\u00e9es","robots":{"index":"index","follow":"follow","max-snippet":"max-snippet:-1","max-image-preview":"max-image-preview:large","max-video-preview":"max-video-preview:-1"},"canonical":"https:\/\/relead.tn\/en\/formulaire-de-demande-de-droit-a-leffacement-oubli-de-vos-donnees\/","og_locale":"en_GB","og_type":"article","og_title":"Relead | Formulaire de demande de droit \u00e0 l\u2019effacement\/oubli de vos donn\u00e9es","og_description":"Formulaire de demande de droit \u00e0 l\u2019effacement\/oubli de vos donn\u00e9es Ce formulaire vous permet d\u2019exercer votre droit \u00e0 l\u2019effacement dans le cadre de la \u00a0Loi\u00a0organique num\u00e9ro 63 en date du 27 juillet\u00a02004\u00a0portant sur la\u00a0protection des donn\u00e9es\u00a0\u00e0 caract\u00e8re personnel (RGPD). Pour qu\u2019on puisse vous r\u00e9pondre dans les meilleurs, nous vous demandons de justifier votre identit\u00e9. Veuillez [&hellip;]","og_url":"https:\/\/relead.tn\/en\/formulaire-de-demande-de-droit-a-leffacement-oubli-de-vos-donnees\/","og_site_name":"Relead","article_publisher":"https:\/\/www.facebook.com\/Relead.ads","article_modified_time":"2026-01-12T18:54:45+00:00","twitter_card":"summary_large_image","twitter_misc":{"Estimated reading time":"2 minutes"},"schema":{"@context":"https:\/\/schema.org","@graph":[{"@type":"WebPage","@id":"https:\/\/relead.tn\/formulaire-de-demande-de-droit-a-leffacement-oubli-de-vos-donnees\/","url":"https:\/\/relead.tn\/formulaire-de-demande-de-droit-a-leffacement-oubli-de-vos-donnees\/","name":"Relead | Formulaire de demande de droit \u00e0 l\u2019effacement\/oubli de vos donn\u00e9es","isPartOf":{"@id":"https:\/\/relead.tn\/#website"},"datePublished":"2023-11-01T11:50:09+00:00","dateModified":"2026-01-12T18:54:45+00:00","breadcrumb":{"@id":"https:\/\/relead.tn\/formulaire-de-demande-de-droit-a-leffacement-oubli-de-vos-donnees\/#breadcrumb"},"inLanguage":"en-GB","potentialAction":[{"@type":"ReadAction","target":["https:\/\/relead.tn\/formulaire-de-demande-de-droit-a-leffacement-oubli-de-vos-donnees\/"]}]},{"@type":"BreadcrumbList","@id":"https:\/\/relead.tn\/formulaire-de-demande-de-droit-a-leffacement-oubli-de-vos-donnees\/#breadcrumb","itemListElement":[{"@type":"ListItem","position":1,"name":"Accueil","item":"https:\/\/relead.tn\/"},{"@type":"ListItem","position":2,"name":"Formulaire de demande de droit \u00e0 l\u2019effacement\/oubli de vos donn\u00e9es"}]},{"@type":"WebSite","@id":"https:\/\/relead.tn\/#website","url":"https:\/\/relead.tn\/","name":"Relead","description":"Publicit\u00e9 Wi-Fi - Ciblez la bonne audience avec Relead","publisher":{"@id":"https:\/\/relead.tn\/#organization"},"potentialAction":[{"@type":"SearchAction","target":{"@type":"EntryPoint","urlTemplate":"https:\/\/relead.tn\/?s={search_term_string}"},"query-input":{"@type":"PropertyValueSpecification","valueRequired":true,"valueName":"search_term_string"}}],"inLanguage":"en-GB"},{"@type":"Organization","@id":"https:\/\/relead.tn\/#organization","name":"Relead","url":"https:\/\/relead.tn\/","logo":{"@type":"ImageObject","inLanguage":"en-GB","@id":"https:\/\/relead.tn\/#\/schema\/logo\/image\/","url":"https:\/\/relead.tn\/wp-content\/uploads\/2021\/09\/logo-relead-aligned.png","contentUrl":"https:\/\/relead.tn\/wp-content\/uploads\/2021\/09\/logo-relead-aligned.png","width":284,"height":80,"caption":"Relead"},"image":{"@id":"https:\/\/relead.tn\/#\/schema\/logo\/image\/"},"sameAs":["https:\/\/www.facebook.com\/Relead.ads","https:\/\/www.instagram.com\/relead.ads\/","https:\/\/www.linkedin.com\/company\/relead-ads\/"]}]}},"_links":{"self":[{"href":"https:\/\/relead.tn\/en\/wp-json\/wp\/v2\/pages\/14088","targetHints":{"allow":["GET"]}}],"collection":[{"href":"https:\/\/relead.tn\/en\/wp-json\/wp\/v2\/pages"}],"about":[{"href":"https:\/\/relead.tn\/en\/wp-json\/wp\/v2\/types\/page"}],"author":[{"embeddable":true,"href":"https:\/\/relead.tn\/en\/wp-json\/wp\/v2\/users\/1"}],"replies":[{"embeddable":true,"href":"https:\/\/relead.tn\/en\/wp-json\/wp\/v2\/comments?post=14088"}],"version-history":[{"count":4,"href":"https:\/\/relead.tn\/en\/wp-json\/wp\/v2\/pages\/14088\/revisions"}],"predecessor-version":[{"id":17706,"href":"https:\/\/relead.tn\/en\/wp-json\/wp\/v2\/pages\/14088\/revisions\/17706"}],"wp:attachment":[{"href":"https:\/\/relead.tn\/en\/wp-json\/wp\/v2\/media?parent=14088"}],"curies":[{"name":"wp","href":"https:\/\/api.w.org\/{rel}","templated":true}]}}